{"id":209,"date":"2023-04-18T12:29:59","date_gmt":"2023-04-18T10:29:59","guid":{"rendered":"https:\/\/if-epfcl-paris2024.champlacanienfrance.net\/?page_id=209"},"modified":"2024-04-03T07:22:54","modified_gmt":"2024-04-03T05:22:54","slug":"encounter","status":"publish","type":"page","link":"https:\/\/if-epfcl-paris2024.champlacanienfrance.net\/en\/encounter\/","title":{"rendered":"Meeting of the School"},"content":{"rendered":"\n<h2 class=\"wp-block-heading alignwide\">VIII\u00b0 MEETING OF THE SCHOOL \u2013 EPFCL, MAY 2, 2024 \u2013 PARIS, &#8220;KNOWLEDGE AND IGNORANCE IN THE PASSAGE TO THE ANALYST&#8221;<\/h2>\n\n\n\n<h2 class=\"wp-block-heading alignwide\">PROGRAM<\/h2>\n\n\n\n<p class=\"has-text-align-right\"><em>Amphitheatre Lavoisier (Simultaneous translation English, Spanish, French, Italian, Portuguese<\/em><\/p>\n\n\n\n<p><strong>8:00-&gt;REGISTRATIONS<\/strong><\/p>\n\n\n\n<p><strong>9:00 -&gt;OPENING<\/strong><br><strong>Carolina Zaffore<\/strong>&nbsp;(Argentina) and&nbsp;<strong>Dominique Fingermann<\/strong>&nbsp;(France)<br>Secretaries&nbsp;of the International College of the Guarantee<\/p>\n\n\n\n<p><strong>9:15 -10:45<\/strong><br><strong>Discussion:\u00a0Martine Men\u00e8s (<\/strong>France)<br><strong>Elynes Barros<\/strong>\u00a0AE\u00a0(Brazil):\u00a0What can you know from an analysis?<br><strong>Rebeca Garcia<\/strong>\u00a0(Spain):\u00a0What resonates from an experience<br><strong>Nicolas Bendrihen<\/strong>\u00a0(France):\u00a0The scar of chance effects?<\/p>\n\n\n\n<p><strong>10:45-11:15<\/strong> : COFFEE BREAK<\/p>\n\n\n\n<p><strong>11:15-12:45<\/strong><br><strong>Discussion\u00a0: Sandra Berta<\/strong>\u00a0(Brazil)<br><strong>Constanza Lobos<\/strong>\u00a0AE (Argentina):\u00a0Desiring a holed knowledge<br><strong>Anne Marie Combres<\/strong>\u00a0(France):\u00a0Passing point ?<br><strong>Mikel Plazaola<\/strong>\u00a0(Spain):\u00a0Effects of the passage between ignorance and knowledge\u00a0<\/p>\n\n\n\n<p><strong>12:45-14:15->LUNCH<\/strong><\/p>\n\n\n\n<p><strong>14:15-15:45\u00a0<\/strong><br><strong>Discussion\u00a0: Teresa Trias<\/strong>\u00a0(Spain)<br><strong>Dimitra Kolonia<\/strong>\u00a0AE (France):\u00a0Surprises of the end\u00a0<br><strong>Marie-Jos\u00e9 Latour<\/strong>\u00a0(France):\u00a0Working for the uncertain<br><strong>Ana Laura Prates Pacheco<\/strong>\u00a0(Brazil):\u00a0With the window open for the pass<\/p>\n\n\n\n<p><strong>15:45-17:15<\/strong><br><strong>Discussion: Didier Castanet<\/strong>\u00a0(France)<br><strong>Christelle Suc<\/strong>\u00a0AE (France):\u00a0From the lucubration to the unthinkable: anything new?<br><strong>Armando Cote<\/strong>\u00a0(France):\u00a0The praise of not knowing and its relationship with truth\u00a0<br><strong>Carolina Zaffore<\/strong>(Argentina):What is didactic in the passage to the analyst?\u00a0<\/p>\n\n\n\n<p><strong>17:15 -17.45->PUNCTUATIONS<\/strong><br><strong>Anastasia Tzavidopoulou<\/strong>\u00a0(France)<br><strong>Colette Soler<\/strong>\u00a0(France)<\/p>\n\n\n\n<hr class=\"wp-block-separator has-alpha-channel-opacity\"\/>\n\n\n\n<h2 class=\"wp-block-heading alignwide\"><strong>Opening 1 &#8211; &#8220;The analytical act between the end and the beginnings&#8221;<\/strong><\/h2>\n\n\n\n<p class=\"has-text-align-right\"><strong>Carolina Zaffore<\/strong><\/p>\n\n\n\n<blockquote class=\"wp-block-quote is-layout-flow wp-block-quote-is-layout-flow\">\n<p><em>&#8220;So then, let us start from things as they present themselves. You have come to the end once. It is from this that you must deduce the relation that this has with the beginning on every occasion.&#8221;<\/em> <\/p>\n<cite>Lacan: &#8220;The Psychoanalytic Act&#8221; in The Seminar 15, class January 10, 1968<\/cite><\/blockquote>\n\n\n\n<p>How does the authorization of the analyst, proper to the final phase of the analysis, connect with the authorization at the beginning of the analysis that he or she will conduct? How does the moment of passage from analysand to analyst affect someone&#8217;s praxis? What elaborations do we gather from the AS (AE) on this point? What knowledge does the passage from analysant to analyst deliver and what is its use in the analytic operation?&nbsp;&nbsp;<\/p>\n\n\n\n<p>Lacan proposes a work of deduction, and the next Meeting of the School will be a good gauge of the two areas at stake: the logic of the act and the daily practice of the analysts.<\/p>\n\n\n\n<hr class=\"wp-block-separator has-alpha-channel-opacity\"\/>\n\n\n\n<h2 class=\"wp-block-heading alignwide\">Opening 2<\/h2>\n\n\n\n<p class=\"has-text-align-right\"><strong>Didier Castanet<\/strong><\/p>\n\n\n\n<p>In his 1967 &#8216;Proposition on the Psychoanalyst of the School&#8217;, Lacan argues that&nbsp; &nbsp;&nbsp;\u201c This in no way authorises the psychoanalyst to be satisfied in the knowledge that he knows nothing, for what is at issue is what he has to come to know\u201d (Lacan, J., Proposition of October 9 on the Psychoanalyst of the School, trans. Russell Grigg, Analysis 6, 1995, p. 6.)<\/p>\n\n\n\n<p>Even if Lacan varied throughout his teaching on the question of knowledge, he would always insist that it is what we do not know that must guide us. This is why he begins by arguing that it is a question of settling, not on a hypothetical desire to know, but on the passion of ignorance. Ignorance here has a precise meaning, far removed from the usual meaning of the absence or negation of knowledge. This is because the question is not about a lack of knowledge, which is always detrimental and is not something to be resigned to, but rather about what can never be known at the beginning of a therapy, namely the truth of the subject who engages in it. This truth that he necessarily ignores the analyst has to locate it correctly and not confuse it with a lack of knowledge.<\/p>\n\n\n\n<p>And to identify that which beforehand he can only ignore, at least to know that there is something to know, he needs to equip himself with very substantial knowledge\u201d. In effect, there is a fundamental difference between knowing or not what we don\u2019t ignore. And it is only in this sense that ignorance has nothing to do with the&nbsp; illiteracy or ignorantism that Lacan has always complained about,but constitutes the most elaborate form of knowledge. This form that Lacan first called the non- knowledge, later the \u201cnon su&#8221;, is at the beginning of the therapy an empty form, an empty set, knowledge of which so far there is only the framework. An essential framework in which will be able to collect and develop the unconscious knowledge of a subject, as Lacan puts it, that \u201c\u00ab le non -su s\u2019ordonne comme le cadre du savoir \u00bb Autres Ecrits, p.249.<\/p>\n\n\n\n<p>What would be this substantial knowledge capable of locating our ignorance ? Although it is better to have access to a substantial doctrinal knowledge, it is obviously not enough to be a man of letters.This knowledge must also concern the real and the true.This is where the analyst is a product of the therapy, his own, real and true can only be him own. It is therefore up to him to be able to make knowledge with his experience,knowledge likely to accommodate then a truth that does not belong to him, or even to presentify it in the transference.This opens up the question of the analyst\u2019s desire. <\/p>\n\n\n\n<p class=\"has-text-align-right\"><strong>Translation<\/strong>: Am\u00e9lie Billa \u2013 Anastasia Tzavidooulou<\/p>\n\n\n\n<hr class=\"wp-block-separator has-alpha-channel-opacity\"\/>\n\n\n\n<h2 class=\"wp-block-heading alignwide\">Opening 3 &#8211; &#8220;Knowledge is what guides us&#8221;<\/h2>\n\n\n\n<p class=\"has-text-align-right\"><strong>Anne-Marie Combres<\/strong><\/p>\n\n\n\n<p>In <em>The moment to conclude<\/em>, Lacan insists on the fact that the analyst would have to know how to operate appropriately, i.e. that he must be aware of the significance of words for the analysand, something that he is unquestionably unaware of. So here we are at the heart of the question of knowledge and ignorance&#8230; Is it from knowledge -knowing that there is ignorance- that he can take guidance? In the same seminar, Lacan points out that the unconscious is that knowledge that guides us, so how does this play out in the treatments, on both the analysand&#8217;s and the analyst&#8217;s side, and what additional insight could the passage from analysand to analyst shed on this point?<\/p>\n\n\n\n<p>(J. Lacan &#8211; Seminar <em>The moment to conclude<\/em>, (Unpublished) lesson of 15 November 1977)<\/p>\n\n\n\n<p class=\"has-text-align-right\"><strong>Translation<\/strong>: Pedro Pablo Ar\u00e9valo<br><strong>Revision and correction<\/strong>: Susan Schwartz<\/p>\n\n\n\n<hr class=\"wp-block-separator has-alpha-channel-opacity\"\/>\n\n\n\n<h2 class=\"wp-block-heading alignwide\">OPENING 4 \u2013 <strong>Metamorphosis of the knowledge?<\/strong><\/h2>\n\n\n\n<p class=\"has-text-align-right\"><strong>Rebeca Garc\u00eda<\/strong><\/p>\n\n\n\n<blockquote class=\"wp-block-quote is-layout-flow wp-block-quote-is-layout-flow\">\n<p><em>\u201c\u2026and it is in this that he must have discerned the cause of his horror, of his own, his, detached from that of all others, the horror of knowing.\u201d<\/em><\/p>\n\n\n\n<p><em>From that moment he knows how to be refuse.<\/em>\u201d<\/p>\n<cite>Lacan, <em>Italian Note<\/em>, Other writings.<\/cite><\/blockquote>\n\n\n\n<p>In his <em>Italian Note<\/em> Lacan mentions, on at least five occasions, the word \u201crefuse\u201d in reference to the position occupied by the analyst after having made the passage from analysand to analyst.<\/p>\n\n\n\n<p>He \u201cpromises\u201d there a certain knowledge in his operation as an analyst: he will <strong>know<\/strong> how to be refuse, a strong affirmation, a conviction that points to the analytic act as such.<\/p>\n\n\n\n<p>A passage from one side to the other: from <strong>winnowing the cause<\/strong> of one\u2019s own horror of knowing to <strong>knowing how to be<\/strong> refuse.<\/p>\n\n\n\n<p>A crossing of an experience of the real that conveys an unprecedented desire.<\/p>\n\n\n\n<p>To know how to be the refuse of so-called humanity that does not want to know, the refuse of learned ignorance that has not shied away from confronting the hole in knowledge, the refuse of the love affair with truth.<\/p>\n\n\n\n<p>Metamorphosis without return? How could the School, the base of operations, welcome and relaunch this unprecedented desire, separate from that of all? What operations could we expect in the life of the School from the one who has taken up this position?<\/p>\n\n\n\n<p class=\"has-text-align-right\"><strong>Translation<\/strong>: Pedro Pablo Ar\u00e9valo<br><strong>Revision and correction<\/strong>: Susan Schwartz<\/p>\n\n\n\n<hr class=\"wp-block-separator has-alpha-channel-opacity\"\/>\n\n\n\n<h2 class=\"wp-block-heading alignwide\"><strong>Opening 5 &#8211; The shadows of knowledge<\/strong>&nbsp;<\/h2>\n\n\n\n<p class=\"has-text-align-right\"><strong>Teresa Trias SPFLF-Spain (FOE Barcelona)<\/strong>&nbsp;<\/p>\n\n\n\n<p>In his Seminar \u201c<em>L&#8217;insu&#8230;<\/em>\u201dLacan speaks to us of the pass as \u201crecognising oneself between shadows\u201d&nbsp;(\u201c<em>se reconna\u00eetre entre soir<\/em>\u201d) on condition of inserting \u2018<em>av<\/em>\u2019 (\u201c<em>se reconna\u00eetre entre s(av)o\u00edr<\/em>\u201d) \u201crecognising oneself between knowing\u201d.<a><sup>[1]<\/sup><\/a><\/p>\n\n\n\n<p>The shadows of knowledge. Transmission through testimonies. The difficulty of transmission is obvious. What do we expect from the Pass?<\/p>\n\n\n\n<p>The \u201cunconscious consists of, in being a knowledge which is articulated out of&nbsp;<em>lalangue<\/em>, the body that speaks being knotted to it only by the real of which it enjoys\u201d.<a><sup>[2]<\/sup><\/a>&nbsp;Substance of jouissance?&nbsp;<em>Lalangue<\/em>? Knowledge in the real? Knowledge that is not known, but is enjoyed? Knowledge that it is not known that you know?<\/p>\n\n\n\n<p>Horror of the knowledge of the particular jouissance that has always been there in order for it to be deciphered. How far can the horror of knowledge be deciphered? To the point of being refuse?<\/p>\n\n\n\n<p>In the Pass: paradox for the testimony where the passands and passers are subjects who must divest themselves of their subjection in order to be able to listen and transmit to the Cartel of the Pass the hystorisation of the&nbsp;<em>passand<\/em>. The desire of the analyst, an unprecedented desire, is there, waiting to be transmitted if the analytic act has taken place, if the passage from analysand to analyst has taken place.<\/p>\n\n\n\n<p class=\"has-text-align-right\"><em>&nbsp; &nbsp; &nbsp; &nbsp; &nbsp; &nbsp; &nbsp; &nbsp; &nbsp; &nbsp; &nbsp; &nbsp; &nbsp; &nbsp; &nbsp; &nbsp; &nbsp; &nbsp; &nbsp; &nbsp; &nbsp; &nbsp; &nbsp; &nbsp; &nbsp; &nbsp; &nbsp; &nbsp; &nbsp; &nbsp; &nbsp; &nbsp; &nbsp; &nbsp; &nbsp; &nbsp;<\/em><strong>Translation<\/strong>: P.P. Ar\u00e9valo. <br><strong>Review<\/strong>: S. Schwartz.<\/p>\n\n\n\n<hr class=\"wp-block-separator has-alpha-channel-opacity\"\/>\n\n\n\n<p><a><sup>[1]<\/sup><\/a>&nbsp;Lacan, J.&nbsp;&nbsp;Seminar 24, unpublished. \u201c<em>L\u2019insu que sait de l\u2019une-b\u00e9vue s\u2019aile \u00e0 mourre<\/em>\u201d.&nbsp;It must be understood in the French language, because if it is translated, we lose what he wants to say.&nbsp;<br><a><sup>[2]<\/sup><\/a>&nbsp;Lacan, J. \u2018The Third\u2019,&nbsp;<em>The Lacanian Review<\/em>, trans. Philip Dravers, no. 7, p. 95.<\/p>\n\n\n\n<hr class=\"wp-block-separator has-alpha-channel-opacity\"\/>\n\n\n\n<h2 class=\"wp-block-heading alignwide\"><strong>Argument<\/strong><\/h2>\n\n\n\n<p>This VIII\u00b0 Meeting of the School of the EPFCL once more puts into question psychoanalysis in intension.&nbsp; It will, in other words, again examine what, in a psychoanalysis, produces a psychoanalyst: the passage from analysand to analyst. Psychoanalysis in intension, which determines the extension that the School and its Forums definitively aim to support in various places, it is the very subversion of the link wherein&nbsp; \u00ab&nbsp;something of the psychoanalyst \u00bb is produced.<\/p>\n\n\n\n<p>Not predicable, shall we say.&nbsp; Yet&nbsp; Lacan, after having specified it as the desire of the analyst in order to extract from it the act that depends on it, finally proposed a matheme which writes the operation proper to it: the Discourse of the psychoanalyst. The contingent result of this unprecedented link can be \u00ab&nbsp;of the psychoanalyst&nbsp;\u00bb, and so on\u2026<\/p>\n\n\n\n<p>\u00ab&nbsp;So that psychoanalysis becomes an act that comes again \u00bb<a href=\"#_ftn1\" id=\"_ftnref1\"><sup>[1]<\/sup><\/a> we count on a practice which supports its logic and on the fortuity of finding practitioners up to the ethics this logic demands.&nbsp;<\/p>\n\n\n\n<p>The EPFCL\u2019s International College of the Guarantee, the ICG 2023-2024, like all those preceding it, supports the <em>dispositif <\/em>of the pass and the living experience that flows from it. Each pass is received with the utmost consideration for the upheavals that occur here and there during the course of analyses; but what orients the cartels is obviously a particular attention to what, in the testimonies, can denote \u00ab&nbsp;passage to the analyst&nbsp;\u00bb.<\/p>\n\n\n\n<p>Work on this question was started at the last School Meeting in Buenos Aires, on the&nbsp; initiative of the preceding ICG. We are taking it up and propose it by indicating, from the outset, in the statement of our title, an affirmation: the passage to the analyst that an analysis can provide produces a radical transformation in the relation to knowledge, that is, to the unconscious.<\/p>\n\n\n\n<p>Therefore: KNOWLEDGE AND IGNORANCE IN THE PASSAGE TO THE ANALYST.<\/p>\n\n\n\n<p>Psychoanalysis is an experience of knowledge, this is what makes it \u00ab&nbsp;didactic&nbsp;\u00bb. This experience of knowledge begins with that \u00ab&nbsp;something&nbsp;\u00bb which completely escapes the sufferer, he knows nothing about it but, by chance, he can meet a good listener who <em>will know how to make<\/em> a question from this ignorance and make it speak. This experience of speech, \u00ab&nbsp;the practice of the the blabla&nbsp;\u00bb addressed to the analyst, will move the initial \u00abI don\u2019t want to know anything about it&nbsp;\u00bb into the inexhaustible pathway of a knowledge supposed to this drifting subject, into what Freud called&nbsp; \u00ab&nbsp;his representations&nbsp;\u00bb, and which Lacan will characterize as lucubrations. The transference, that \u00ablove which addresses itself to knowledge\u00bb<a href=\"#_ftn2\" id=\"_ftnref2\"><sup>[2]<\/sup><\/a> tireless decipherer, is the vector of the \u00ab&nbsp;practice of meaning&nbsp;\u00bb which will have to find its end : the&nbsp;not known that knows of the one-blunder (<em>l\u2019insu que sait de l\u2019une b\u00e9vue<\/em>). In response to the impasse of the Subject Supposed to Know, there can occur a pass to the analyst.<\/p>\n\n\n\n<p>With the transference as support, the analytic learned ignorance is a pressure toward knowledge. Thus there is a route, a crossing, whose stake is the end of the analysis, that is, a profound modification of the relationship to knowledge and to the jouissance it ciphers, brought about by the practice \u00ab&nbsp;of the analyst&nbsp;\u00bb, that is, the position of the unconscious: putting knowledge \u00ab&nbsp;in the place of truth&nbsp;\u00bb.<\/p>\n\n\n\n<p>Lacan called this crossing the \u00ab&nbsp;Pass&nbsp;\u00bb. Sleight of hand (<em>tour de passe-passe)<\/em>, subtle passage from the knowledge of the analysand to the knowledge of the psychoanalyst. The knowledge of the analysand is first oriented from the Subject Supposed to Know; the psychoanalyst\u2019s act as the reverse side of neurosis will favor the analysand\u2019s bumping up against the impasse until he can bear this non known knowledge without recourse to representations, lucubrations, fictions of the lying truth which vectorized his address to the Other.<\/p>\n\n\n\n<p>This knowledge is horrifying because, in contrast to the supposed knowledge, there is no respondent in the&nbsp; Other.&nbsp;&nbsp; \u00abHorror of knowledge\u00bb<a href=\"#_ftn3\" id=\"_ftnref3\"><sup>[3]<\/sup><\/a> says Lacan, in order to underline the stakes of this passage, for the knowledge turns out to be connected to a&nbsp; jouissance which does not produce a relation, and thus leads one to&nbsp; \u00ab&nbsp;confronting the sexual impasse&nbsp;\u00bb, that is, to castration and the attached jouissance.&nbsp; By debunking the sexual theories that neurosis concocted and confined within the limits of the fantasme, this non known knowledge sends the one who made the journey back to his solitude, <em>troumatique<\/em>, that Lacan could write: there is something of the One (<em>Ya de l\u2019Un).<\/em><\/p>\n\n\n\n<p>What then remains of our transferential loves and of their desire for knowledge? A desire to know can emerge from it and reverberate the effects (affects) of a non knowing knowledge.<\/p>\n\n\n\n<p>Indeed, if \u00abanalysts are the sages of a knowledge about which they cannot converse\u00bb<a href=\"#_ftn4\" id=\"_ftnref4\"><sup>[4]<\/sup><\/a>, they can put it to use, put it into act and make it known beyond.<\/p>\n\n\n\n<p>Let us hope that the AMEs and the <em>passeurs <\/em>they designate are attentive to the unexpected and unheard of the effects of this non knowing knowledge&nbsp;\u2026<\/p>\n\n\n\n<p>On the side of the cartels of the pass&nbsp;&#8230; let us count on the wisdom of their ignorance.<\/p>\n\n\n\n<p>The School, the School, always begun anew &#8230;&nbsp; so that there be the chance of an analyst. <\/p>\n\n\n\n<p class=\"has-text-align-right\"><strong>International College of the Guarantee &#8211; ICG 2023-2024<\/strong><\/p>\n\n\n\n<hr class=\"wp-block-separator has-alpha-channel-opacity\"\/>\n\n\n\n<p><a id=\"_ftn1\" href=\"#_ftnref1\"><sup>[1]<\/sup><\/a>Lacan, J. <em>Introduction de Scilicet, <\/em>Autres \u00c9crits, Seuil, Paris, 2001, p. 288.<br><a id=\"_ftn2\" href=\"#_ftnref2\"><sup>[2]<\/sup><\/a> Lacan, J. <em>Introduction \u00e0 l\u2019\u00e9dition allemande des \u00c9crits, <\/em>Autres \u00c9crits, Seuil, Paris, 2001, p. 558.<br><a id=\"_ftn3\" href=\"#_ftnref3\"><sup>[3]<\/sup><\/a> Lacan, J. <em>Note Italienne, <\/em>Autres \u00c9crits, Seuil, Paris, 2001, p. 309.<br><a id=\"_ftn4\" href=\"#_ftnref4\"><sup>[4]<\/sup><\/a>Lacan, J. <em>De la psychanalyse dans ses rapports \u00e0 la r\u00e9alit\u00e9, <\/em>Autres \u00c9crits, Seuil, Paris, 2001, p. 359.<\/p>\n","protected":false},"excerpt":{"rendered":"<p>VIII\u00b0 MEETING OF THE SCHOOL \u2013 EPFCL, MAY 2, 2024 \u2013 PARIS, &#8220;KNOWLEDGE AND IGNORANCE IN THE PASSAGE TO THE ANALYST&#8221; PROGRAM Amphitheatre Lavoisier (Simultaneous translation English, Spanish, French, Italian, Portuguese 8:00-&gt;REGISTRATIONS 9:00 -&gt;OPENINGCarolina Zaffore&nbsp;(Argentina) and&nbsp;Dominique Fingermann&nbsp;(France)Secretaries&nbsp;of the International College of the Guarantee 9:15 -10:45Discussion:\u00a0Martine Men\u00e8s (France)Elynes Barros\u00a0AE\u00a0(Brazil):\u00a0What can you know from an analysis?Rebeca Garcia\u00a0(Spain):\u00a0What [&hellip;]<\/p>\n","protected":false},"author":2,"featured_media":0,"parent":0,"menu_order":0,"comment_status":"closed","ping_status":"closed","template":"","meta":{"footnotes":""},"class_list":["post-209","page","type-page","status-publish","hentry"],"_links":{"self":[{"href":"https:\/\/if-epfcl-paris2024.champlacanienfrance.net\/en\/wp-json\/wp\/v2\/pages\/209","targetHints":{"allow":["GET"]}}],"collection":[{"href":"https:\/\/if-epfcl-paris2024.champlacanienfrance.net\/en\/wp-json\/wp\/v2\/pages"}],"about":[{"href":"https:\/\/if-epfcl-paris2024.champlacanienfrance.net\/en\/wp-json\/wp\/v2\/types\/page"}],"author":[{"embeddable":true,"href":"https:\/\/if-epfcl-paris2024.champlacanienfrance.net\/en\/wp-json\/wp\/v2\/users\/2"}],"replies":[{"embeddable":true,"href":"https:\/\/if-epfcl-paris2024.champlacanienfrance.net\/en\/wp-json\/wp\/v2\/comments?post=209"}],"version-history":[{"count":14,"href":"https:\/\/if-epfcl-paris2024.champlacanienfrance.net\/en\/wp-json\/wp\/v2\/pages\/209\/revisions"}],"predecessor-version":[{"id":1179,"href":"https:\/\/if-epfcl-paris2024.champlacanienfrance.net\/en\/wp-json\/wp\/v2\/pages\/209\/revisions\/1179"}],"wp:attachment":[{"href":"https:\/\/if-epfcl-paris2024.champlacanienfrance.net\/en\/wp-json\/wp\/v2\/media?parent=209"}],"curies":[{"name":"wp","href":"https:\/\/api.w.org\/{rel}","templated":true}]}}