{"id":170,"date":"2023-04-18T12:36:13","date_gmt":"2023-04-18T10:36:13","guid":{"rendered":"https:\/\/if-epfcl-paris2024.champlacanienfrance.net\/?page_id=170"},"modified":"2024-03-07T08:43:34","modified_gmt":"2024-03-07T07:43:34","slug":"alojamento","status":"publish","type":"page","link":"https:\/\/if-epfcl-paris2024.champlacanienfrance.net\/es\/alojamento\/","title":{"rendered":"Alojamento"},"content":{"rendered":"\n<p><strong>Acc\u00e8s Maison de la Chimie&nbsp;:<\/strong><br><strong>&#8211; M\u00e9tro lignes 8 et 13 arr\u00eat Invalides \/ M\u00e9tro ligne 12 arr\u00eat Assembl\u00e9e Nationale<\/strong><br><strong>&#8211; RER C arr\u00eat Invalides<\/strong><\/p>\n\n\n\n<h4 class=\"wp-block-heading\">CONTACTO<\/h4>\n\n\n\n<p>Krist\u00e8le Nonnet k.nonnet@hotmail.fr et S\u00e9verine Derrey&nbsp;severine.derrey@hotmail.fr<\/p>\n\n\n\n<p>Aqu\u00ed encontrar\u00e9is algunas de las numerosas\u00a0 posibilidades de alojamiento en Paris y su periferia. Os aconsejamos de hacer la reserva cuanto antes.<\/p>\n\n\n\n<p><a href=\"http:\/\/www.booking.com\/\" target=\"_blank\" rel=\"noreferrer noopener\">www.booking.com<\/a><\/p>\n\n\n\n<figure class=\"wp-block-table\"><table class=\"has-fixed-layout\"><tbody><tr><td><strong>Nom<\/strong><\/td><td colspan=\"3\"><strong>Prix<\/strong><\/td><td><strong>Adresse<\/strong><\/td><td><strong>M\u00e9tro<\/strong><\/td><td colspan=\"2\"><strong>T\u00e9l\u00e9phone \/ Ouverture r\u00e9servation<\/strong><\/td><td><strong>R\u00e9servation<\/strong><\/td><\/tr><tr><td colspan=\"9\"><strong>PRIX MOD\u00c9R\u00c9S<\/strong><\/td><\/tr><tr><td><strong>The People Paris Marais<\/strong><\/td><td colspan=\"2\">Lit en dortoir 4 \u00e0 8 lits 40\u20acChambre lit simple ou double sdb priv\u00e9e 116\u20ac par nuit<\/td><td colspan=\"2\">17 Boulevard Morland 75004 Paris<\/td><td colspan=\"2\">Ligne 7 arr\u00eat Sully-Morland RER C arr\u00eat Paris-Austerlitz<\/td><td>+33 1 81 22 40 88&nbsp;Juillet 2023<\/td><td>https:\/\/www.thepeoplehostel.com\/fr\/destinations\/paris-marais\/<\/td><\/tr><tr><td><strong>3 Ducks Hostel<\/strong><\/td><td colspan=\"2\">Lit en dortoir 6 \u00e0 8 lits 30\u20acChambre priv\u00e9e 2 lits simples sdb priv\u00e9e 100\u20ac par nuit<\/td><td colspan=\"2\">6, place Etienne Pernet 75015 Paris<\/td><td colspan=\"2\">Ligne 12 arr\u00eat F\u00e9lix Faure<\/td><td>+33 1 48 42 04 05Mai 2023<\/td><td>backpack@3ducks.fr<\/td><\/tr><tr><td><strong>MIJE Maison internationale de la jeunesse et des \u00e9tudiants&nbsp;Paris Marais<\/strong><\/td><td colspan=\"2\">Lit en dortoir de 3 \u00e0 10 lits 34 \u20ac \/pers et par nuit&nbsp;Chambre lit simple sdb priv\u00e9e 78\u20ac par nuitChambre priv\u00e9e 2 lits simples ou lit double sdb priv\u00e9e 90\u20ac par nuit<\/td><td colspan=\"2\">Inclut 3 sites diff\u00e9rents dans le&nbsp; quartier du Marais 75004 Paris<\/td><td colspan=\"2\">Ligne 1 arr\u00eat Saint Paul \/ Ligne 7 arr\u00eat Pont-Marie \/ Ligne 11 arr\u00eat H\u00f4tel de Ville<\/td><td>+33 1 42 74 23 45Janvier 2024.<\/td><td>www.mije.com\/auberge-jeunesse-paris&nbsp;<\/td><\/tr><tr><td><strong>Centre International de S\u00e9jour \u00e0 Paris CISP Maurice&nbsp;<\/strong><strong>Ravel<\/strong><\/td><td colspan=\"2\">Chambre lit simple sdb priv\u00e9e 62\u20ac par nuitChambre priv\u00e9e 2 lits simples sdb priv\u00e9e 81\u20ac par nuitChambre priv\u00e9e 3 lits simples sdb priv\u00e9e 116\u20ac par nuit<\/td><td colspan=\"2\">6 avenue Maurice Ravel 75012 Paris<\/td><td colspan=\"2\">Ligne 8 arr\u00eat Michel Bizot<\/td><td>+33 1 44 75 60 00<\/td><td>https:\/\/www.hotel-cis-paris-ravel.com<\/td><\/tr><tr><td><strong>CISP Kellermann<\/strong><\/td><td colspan=\"2\">Chambre lit simple sdb priv\u00e9e 62\u20ac par nuitChambre priv\u00e9e 2 lits simples sdb priv\u00e9e 81\u20ac par nuitChambre priv\u00e9e 3 lits simples sdb priv\u00e9e 116\u20ac par nuit<\/td><td colspan=\"2\">17, boulevard Kellermann 75013 Paris<\/td><td colspan=\"2\">Ligne 7 station Porte d\u2019Italie<\/td><td>+33 1 44 16 37 38<\/td><td>https:\/\/www.hotel-cis-paris-kellermann.com<\/td><\/tr><tr><td><strong>FIAP Foyer international d\u2019accueil de Paris<\/strong><\/td><td colspan=\"2\">Chambre lit simple sdb priv\u00e9e 82 \u20ac par nuitChambre priv\u00e9e 2 lits simples ou lit double sdb priv\u00e9e 120 \u20ac par nuit<\/td><td colspan=\"2\">30 rue Cabanis 75014 Paris<\/td><td colspan=\"2\">Ligne 6 arr\u00eat Glaci\u00e8re \/&nbsp;RER B arr\u00eat Denfert-Rochereau<\/td><td>+33 1 43 13 17 17R\u00e9servable d\u00e8s maintenant<br><\/td><td><a href=\"http:\/\/www.fiap-paris.org\/\">www.fiap-paris.org<\/a><\/td><\/tr><tr><td><strong>Auberge de jeunesse Le d\u2019Artagnan<\/strong><\/td><td colspan=\"2\" rowspan=\"2\">Chambre single 63\u20ac par nuitChambre double priv\u00e9e 82 \u20ac par nuit<\/td><td colspan=\"2\">80 rue de Vitruve 75020 Paris<\/td><td colspan=\"2\">Ligne 3 arr\u00eat Porte de Bagnolet<\/td><td>+33 1 40 32 34 56<\/td><td>www.hifrance.org<\/td><\/tr><tr><td><strong>Auberge de jeunesse Yves Robert<\/strong><\/td><td colspan=\"2\">20 Esplanade Nathalie Sarraute 75018 Paris<\/td><td colspan=\"2\">Ligne 2 arr\u00eat La Chapelle \/<br>Ligne 12 arr\u00eat Max Dormoy&nbsp;&nbsp;<\/td><td>+33 1 40 38 87 90<\/td><td>www.hifrance.org<\/td><\/tr><tr><td colspan=\"9\"><strong>HOTELS 2 \u00c9TOILES<\/strong><\/td><\/tr><tr><td><strong>H\u00f4tel Madrigal<\/strong><\/td><td colspan=\"3\">Chambre double de 179\u20ac \u00e0 239\u20ac<\/td><td>32, boulevard Pasteur75015 Paris<\/td><td colspan=\"2\">Ligne 12 arr\u00eat Pasteur \/&nbsp;Ligne 13 arr\u00eat Montparnasse<\/td><td>+33 1 47 34 70 47<\/td><td>www.hotel-madrigal.com<\/td><\/tr><tr><td><strong>H\u00f4tel du Dragon<\/strong><\/td><td colspan=\"3\">Chambre double \u00e0 partir de 150 euros<\/td><td>36 rue du Dragon 75006 Paris1.5 km, 18 minutes \u00e0 pieds<\/td><td colspan=\"2\">Ligne 4 arr\u00eat Saint-Sulpice<\/td><td>+33 1&nbsp;45&nbsp;48&nbsp;51&nbsp;05<\/td><td>hotel@hoteldudragon.com<\/td><\/tr><tr><td colspan=\"9\"><strong>LOCATIONS D\u2019APPARTEMENTS<\/strong><\/td><\/tr><tr><td><strong>My maison in Paris<\/strong> <strong>Invalides<\/strong><\/td><td colspan=\"6\">Studio deluxe \u00e0 partir de 251\u20ac la nuit2 pi\u00e8ces deluxe 4 personnes avec jardin \u00e0 partir de 312\u20ac la nuit<\/td><td>+33 1 40 70 60 00<\/td><td><a href=\"https:\/\/www.mymaisoninparis.com\/\">https:\/\/www.mymaisoninparis.com<\/a><\/td><\/tr><tr><td><strong>Welkeys<\/strong><\/td><td colspan=\"6\">Studios et appartements dans Paris \u00e0 partir de 100\u20ac la nuit<\/td><td>+33 1 84 88 94 50<\/td><td><a href=\"https:\/\/club.welkeys.com\/\">https:\/\/club.welkeys.com\/<\/a><\/td><\/tr><tr><td colspan=\"9\"><strong>HOTELS \u00c0 PROXIMIT\u00c9 DE LA MAISON DE LA CHIMIE<\/strong><\/td><\/tr><tr><td><strong>H\u00f4tel Am\u00e9lie<\/strong><strong>2*<\/strong><\/td><td>Chambre simple 212\u20ac \u00e0 285\u20acChambre 2 lits simples 229\u20ac \u00e0 305\u20acChambre double 221\u20ac \u00e0 295\u20ac<\/td><td colspan=\"3\">5, rue Amelie75007 Paris700m,&nbsp;9 minutes \u00e0 pieds<\/td><td colspan=\"2\">Ligne 13 arr\u00eat Invalides&nbsp;RER C Invalides&nbsp;<\/td><td>+33 1 45 51 74 75<\/td><td>www.hotelamelie-paris. com<\/td><\/tr><tr><td><strong>H\u00f4tel La Tour Maubourg, 4*<\/strong><br><\/td><td>Chambre double \u00e0 partir de 306 euros.<\/td><td colspan=\"3\">650 m, 8 minutes \u00e0 pieds150 rue de Grenelle &#8211; 75007 Paris&nbsp;<\/td><td colspan=\"2\">Ligne 8 arr\u00eat La Tour Maubourg<\/td><td>+33 1 47 05 16 16&nbsp;<\/td><td>info@latourmaubourg.com&nbsp;<\/td><\/tr><tr><td><strong>H\u00f4tel Le Pavillon 3*<\/strong><\/td><td>Chambre double \u00e0 partir de 330 euros<\/td><td colspan=\"3\">54, Rue Saint Dominique<br>75007 Paris500m, 7 minutes \u00e0 pieds.<\/td><td colspan=\"2\">Ligne 8 arr\u00eat La Tour MaubourgRER C Invalides&nbsp;<\/td><td>+33 1 45 51 42 87<\/td><td>lepavillon@green-spirit-hotels.com<\/td><\/tr><tr><td><strong>H\u00f4tel d&#8217;Orsay 4*<\/strong><br><br><\/td><td>Chambre \u00e0 partir de 280 euros<\/td><td colspan=\"3\">3 Rue de Lille &#8211; 75007 Paris&nbsp;650m, 8 minutes \u00e0 pieds<\/td><td colspan=\"2\">Ligne 8 et 13 arr\u00eat Invalides&nbsp;RER C Invalides ou Mus\u00e9e d\u2019Orsay<\/td><td>+33 1 47 05 85 54<\/td><td>orsay@espritdefrance.com<\/td><\/tr><tr><td><strong>H\u00f4tel De Varenne 4*<\/strong><br><\/td><td>Chambre \u00e0 partir de 300 euros<\/td><td colspan=\"3\">44, rue de Bourgogne<br>75007.Paris \u2013 .France<br>450m, 6 minutes \u00e0 pieds<\/td><td colspan=\"2\">Ligne 13 arr\u00eat Varenne&nbsp;RER C Invalides&nbsp;<\/td><td>+33 1 45 51 45 55<\/td><td>varennehotel@gmail.com&nbsp;<\/td><\/tr><tr><td><strong>H\u00f4tel Bourgogne et Montana 4*<\/strong><strong><br><\/strong><\/td><td>Chambre \u00e0 partir de 250 euros<\/td><td colspan=\"3\">3, rue de Bourgogne 75007 Paris160m, 2 minutes \u00e0 pieds<\/td><td colspan=\"2\">Ligne 13 arr\u00eat Invalides&nbsp;RER C Invalides&nbsp;<\/td><td>+33 1 45 51 20 22<br><\/td><td>bmontana@bourgogne-montana.com<\/td><\/tr><\/tbody><\/table><\/figure>\n","protected":false},"excerpt":{"rendered":"<p>Acc\u00e8s Maison de la Chimie&nbsp;:&#8211; M\u00e9tro lignes 8 et 13 arr\u00eat Invalides \/ M\u00e9tro ligne 12 arr\u00eat Assembl\u00e9e Nationale&#8211; RER C arr\u00eat Invalides CONTACTO Krist\u00e8le Nonnet k.nonnet@hotmail.fr et S\u00e9verine Derrey&nbsp;severine.derrey@hotmail.fr Aqu\u00ed encontrar\u00e9is algunas de las numerosas\u00a0 posibilidades de alojamiento en Paris y su periferia. Os aconsejamos de hacer la reserva cuanto antes. www.booking.com Nom Prix [&hellip;]<\/p>\n","protected":false},"author":2,"featured_media":0,"parent":0,"menu_order":0,"comment_status":"closed","ping_status":"closed","template":"","meta":{"footnotes":""},"class_list":["post-170","page","type-page","status-publish","hentry"],"_links":{"self":[{"href":"https:\/\/if-epfcl-paris2024.champlacanienfrance.net\/es\/wp-json\/wp\/v2\/pages\/170","targetHints":{"allow":["GET"]}}],"collection":[{"href":"https:\/\/if-epfcl-paris2024.champlacanienfrance.net\/es\/wp-json\/wp\/v2\/pages"}],"about":[{"href":"https:\/\/if-epfcl-paris2024.champlacanienfrance.net\/es\/wp-json\/wp\/v2\/types\/page"}],"author":[{"embeddable":true,"href":"https:\/\/if-epfcl-paris2024.champlacanienfrance.net\/es\/wp-json\/wp\/v2\/users\/2"}],"replies":[{"embeddable":true,"href":"https:\/\/if-epfcl-paris2024.champlacanienfrance.net\/es\/wp-json\/wp\/v2\/comments?post=170"}],"version-history":[{"count":5,"href":"https:\/\/if-epfcl-paris2024.champlacanienfrance.net\/es\/wp-json\/wp\/v2\/pages\/170\/revisions"}],"predecessor-version":[{"id":1036,"href":"https:\/\/if-epfcl-paris2024.champlacanienfrance.net\/es\/wp-json\/wp\/v2\/pages\/170\/revisions\/1036"}],"wp:attachment":[{"href":"https:\/\/if-epfcl-paris2024.champlacanienfrance.net\/es\/wp-json\/wp\/v2\/media?parent=170"}],"curies":[{"name":"wp","href":"https:\/\/api.w.org\/{rel}","templated":true}]}}