{"id":178,"date":"2023-04-18T12:35:27","date_gmt":"2023-04-18T10:35:27","guid":{"rendered":"https:\/\/if-epfcl-paris2024.champlacanienfrance.net\/?page_id=178"},"modified":"2024-01-11T19:34:03","modified_gmt":"2024-01-11T18:34:03","slug":"info","status":"publish","type":"page","link":"https:\/\/if-epfcl-paris2024.champlacanienfrance.net\/es\/info\/","title":{"rendered":"Info"},"content":{"rendered":"\n<h2 class=\"wp-block-heading alignwide\"><strong>Transportes<\/strong><strong><\/strong><\/h2>\n\n\n\n<p>Enlace a la p\u00e1gina web de la red \u00cele-de-France<\/p>\n\n\n\n<p><a href=\"https:\/\/www.iledefrance-mobilites.fr\/\">https:\/\/www.iledefrance-mobilites.fr\/<\/a><br><a href=\"https:\/\/www.iledefrance-mobilites.fr\/en\">https:\/\/www.iledefrance-mobilites.fr\/en<\/a><\/p>\n\n\n\n<h3 class=\"wp-block-heading\">Atenci\u00f3n:<\/h3>\n\n\n\n<p>Es posible comprar billetes t+ con un pase Navigo Easy, compra en smartphone o en taquilla, libro de 10 billetes disponible.<\/p>\n\n\n\n<p>Tambi\u00e9n le recomendamos el Forfait Navigo Semaine, que puede resultarle interesante en funci\u00f3n del n\u00famero de viajes que vaya a realizar. Le permite viajar por toda \u00cele-de-France (zonas 1 a 5), todos los d\u00edas, v\u00e1lido en todos los medios de transporte (metro, tren, RER, tranv\u00eda expr\u00e9s, tranv\u00eda, autob\u00fas, incluido Fil\u00e9o), con excepci\u00f3n de algunos servicios directos del aeropuerto (Orlyval, Bus Direct Paris-A\u00e9roport ex-Cars Air France, lanzaderas VEA Disney) y de los autobuses tur\u00edsticos (OpenTour, Cars Rouges). El pase es v\u00e1lido durante una semana (de lunes a domingo). Por smartphone o compra en taquilla, en cuyo caso deber\u00e1 presentar una foto de carn\u00e9.<\/p>\n","protected":false},"excerpt":{"rendered":"<p>Transportes Enlace a la p\u00e1gina web de la red \u00cele-de-France https:\/\/www.iledefrance-mobilites.fr\/https:\/\/www.iledefrance-mobilites.fr\/en Atenci\u00f3n: Es posible comprar billetes t+ con un pase Navigo Easy, compra en smartphone o en taquilla, libro de 10 billetes disponible. Tambi\u00e9n le recomendamos el Forfait Navigo Semaine, que puede resultarle interesante en funci\u00f3n del n\u00famero de viajes que vaya a realizar. Le [&hellip;]<\/p>\n","protected":false},"author":2,"featured_media":0,"parent":0,"menu_order":0,"comment_status":"closed","ping_status":"closed","template":"","meta":{"footnotes":""},"class_list":["post-178","page","type-page","status-publish","hentry"],"_links":{"self":[{"href":"https:\/\/if-epfcl-paris2024.champlacanienfrance.net\/es\/wp-json\/wp\/v2\/pages\/178","targetHints":{"allow":["GET"]}}],"collection":[{"href":"https:\/\/if-epfcl-paris2024.champlacanienfrance.net\/es\/wp-json\/wp\/v2\/pages"}],"about":[{"href":"https:\/\/if-epfcl-paris2024.champlacanienfrance.net\/es\/wp-json\/wp\/v2\/types\/page"}],"author":[{"embeddable":true,"href":"https:\/\/if-epfcl-paris2024.champlacanienfrance.net\/es\/wp-json\/wp\/v2\/users\/2"}],"replies":[{"embeddable":true,"href":"https:\/\/if-epfcl-paris2024.champlacanienfrance.net\/es\/wp-json\/wp\/v2\/comments?post=178"}],"version-history":[{"count":3,"href":"https:\/\/if-epfcl-paris2024.champlacanienfrance.net\/es\/wp-json\/wp\/v2\/pages\/178\/revisions"}],"predecessor-version":[{"id":803,"href":"https:\/\/if-epfcl-paris2024.champlacanienfrance.net\/es\/wp-json\/wp\/v2\/pages\/178\/revisions\/803"}],"wp:attachment":[{"href":"https:\/\/if-epfcl-paris2024.champlacanienfrance.net\/es\/wp-json\/wp\/v2\/media?parent=178"}],"curies":[{"name":"wp","href":"https:\/\/api.w.org\/{rel}","templated":true}]}}