{"id":217,"date":"2023-04-18T12:33:17","date_gmt":"2023-04-18T10:33:17","guid":{"rendered":"https:\/\/if-epfcl-paris2024.champlacanienfrance.net\/?page_id=217"},"modified":"2024-01-12T15:37:58","modified_gmt":"2024-01-12T14:37:58","slug":"cita-if","status":"publish","type":"page","link":"https:\/\/if-epfcl-paris2024.champlacanienfrance.net\/es\/cita-if\/","title":{"rendered":"Cita IF"},"content":{"rendered":"\n<h2 class=\"wp-block-heading alignwide\">XII CITA DE LA INTERNACIONAL DE LOS FOROS DEL CAMPO LACANIANO \u00ab&nbsp;\u00bfLA ANGUSTIA C\u00d3MO HACERLA HABLAR&nbsp;?&nbsp;\u00bb<\/h2>\n\n\n\n<h2 class=\"wp-block-heading\"><strong>Argumento<\/strong><\/h2>\n\n\n\n<p>Hoy en d\u00eda la angustia, con diversos nombres, est\u00e1 en todas partes. Es un afecto experimentado por todos los hablantes y siempre lo ha sido. Lacan la situ\u00f3 en la categor\u00eda de los sentimientos que implican manifestaciones corporales mayores. \u00bfPor qu\u00e9 nos esforzamos en hacerla hablar en lugar de silenciarla, como hacemos con el uso masivo de ansiol\u00edticos y otros tranquilizantes?<\/p>\n\n\n\n<p>Esto se debe a que suponemos que tiene algo que decir, pero para eso es necesario encontrar la manera de hacerla hablar. Ya que, para el sujeto angustiado este afecto es una certeza, pero del orden de una indeterminaci\u00f3n, un indecible sobre lo que la genera. Hacerla hablar, s\u00ed, pero a\u00fan es necesario que podamos creerle. Sobre este punto, la cl\u00ednica anal\u00edtica nos ha ense\u00f1ado que la angustia es el \u00fanico afecto que no enga\u00f1a, mientras que todo <em>senti-miente<\/em> sobre su causa. Sin embargo, \u00bfc\u00f3mo puede la angustia no enga\u00f1ar cuando para la persona angustiada, que la experimenta, su causa permanece enigm\u00e1tica? Es porque, a diferencia de otros sentimientos, que derivan meton\u00edmicamente con los significantes, ella permanece acoplada a lo que la produce, es decir, a un real. Su certeza cl\u00ednica nos dice que se refiere, no al significante enga\u00f1oso, sino a un real. De ah\u00ed la importancia de hacerlo hablar para identificar el real que est\u00e1 en juego para el sujeto que se ve afectado por \u00e9l. Lacan lo hizo incluso tard\u00edamente \u00abel s\u00edntoma-tipo de todo advenimiento (av\u00e8nement) de lo real<a href=\"#_ftn1\" id=\"_ftnref1\">[1]<\/a>\u00ab. Nos corresponde a nosotros precisar las diferentes ocurrencias. Sin embargo, damos algunas orientaciones.&nbsp;&nbsp;<\/p>\n\n\n\n<p>Con esta f\u00f3rmula, \u00e9l engloba lo que hasta entonces hab\u00eda podido decir al respecto, incluyendo parte de las tesis de Freud. Concebida originalmente como efecto de la represi\u00f3n, resultado de la privaci\u00f3n pulsional que \u00e9sta implica, en 1926 con <em>Inhibici\u00f3n, s\u00edntoma y angustia<\/em> y sus adendas, Freud invierte su tesis. La angustia se convierte en la causa de la represi\u00f3n, en su motor. Adem\u00e1s del efecto de castraci\u00f3n acompa\u00f1ado de la angustia de la falta, ligada a las primeras decepciones del ni\u00f1o frente al Otro parental que no responde a sus demandas, Freud ampl\u00eda la angustia al efecto del encuentro traum\u00e1tico de toda neurosis. Es el efecto de una situaci\u00f3n de desamparo &#8211;<em>Hilflosigkeit<\/em>&#8211; que deja al ni\u00f1o sin recursos en su encuentro real con la excitaci\u00f3n pulsional y su demanda de satisfacci\u00f3n, causa de la represi\u00f3n y de la aparici\u00f3n de s\u00edntomas. La angustia de este primer trauma se convierte entonces en una se\u00f1al de alarma, una advertencia de peligro.<\/p>\n\n\n\n<p>Sin embargo, para Lacan, la angustia revela m\u00e1s que lo que Freud dec\u00eda sobre la castraci\u00f3n, porque m\u00e1s all\u00e1 de la falta, ella toca la cuesti\u00f3n del ser del sujeto. Insistiendo en las coyunturas de la angustia, hace de ella el afecto del enigma relativo a la causa del deseo, ya sea del Otro o del sujeto. Su aparici\u00f3n resulta siempre que el sujeto se siente amenazado de no ser m\u00e1s que un objeto oscuro para el Otro. Este vac\u00edo de significaci\u00f3n se encuentra tambi\u00e9n cuando el enigma concierne su propio deseo, sobre el que no tiene control, ya que el sujeto desea como Otro. Aqu\u00ed la angustia se convierte en el \u00edndice del objeto <em>a<\/em>, en las relaciones que el sujeto mantiene con el Otro a trav\u00e9s de las v\u00edas del amor y del deseo. Es lo que hace decir a Lacan que la angustia no es sin objeto. Y all\u00ed donde Freud vincula la angustia a la amenaza de castraci\u00f3n y a su correlativa falta, Lacan invierte la tesis elaborando una nueva estructura de la angustia que surge cuando falta la falta. Efecto de extra\u00f1eza, \u00abLo <em>Unheimlich<\/em> es lo que surge donde deber\u00eda estar el menos -phi<a href=\"#_ftn2\" id=\"_ftnref2\">[2]<\/a>&nbsp;\u00bb de la castraci\u00f3n.<\/p>\n\n\n\n<p>Antes de diagnosticar \u00abel ascenso al c\u00e9nit social del objeto llamado por m\u00ed <em>a<\/em> min\u00fascula<a href=\"#_ftn3\" id=\"_ftnref3\">[3]<\/a>\u00bb como plus de goce, con el desarrollo del discurso capitalista, concibe \u00abun cambio en el amarre mismo de la angustia<a href=\"#_ftn4\" id=\"_ftnref4\">[4]<\/a>\u00ab, que del sujeto hace pura escisi\u00f3n. La hiancia subjetiva de un sujeto reducido al objeto en tanto que falta, subjetivamente destituido, donde su falta de goce es colmada por el plus-de-goce puesto a su disposici\u00f3n. La consecuencia es el surgimiento del clamor social que expresa el desamparo, el desvalimiento del <em>parl\u00eatre<\/em>. A este real del objeto <em>a<\/em>, que no logra inscribirse en el Otro, el real de lo simb\u00f3lico, Lacan extender\u00e1 las coyunturas de la angustia m\u00e1s all\u00e1 del objeto, a lo real fuera de lo simb\u00f3lico, que es lo que dice su definici\u00f3n de la angustia como \u00abs\u00edntoma-tipo de todo advenimiento de lo real\u00bb.<\/p>\n\n\n\n<p>Medio siglo m\u00e1s tarde, nos interrogamos sobre la evoluci\u00f3n de las formas de anclaje de la angustia en funci\u00f3n de los discursos y del real fuera de lo simb\u00f3lico. \u00bfLa eco-ansiedad y la baja de natalidad en todas las sociedades industrializadas no ser\u00e1n los marcadores? Esto nos dice que la angustia es sensible a los discursos y la cl\u00ednica nos ense\u00f1a que el psicoan\u00e1lisis alivia al sujeto. Pero, \u00bfc\u00f3mo procede el discurso anal\u00edtico? Ciertamente no de la manera que promueven las psicoterapias, por una gesti\u00f3n de las emociones, otro nombre para los afectos. La angustia es indomable, no se le puede ordenar irse a dormir.<\/p>\n\n\n\n<p>Nos corresponde precisar qu\u00e9 hay del inconsciente, del lenguaje y del discurso que determinan la angustia, si queremos poder tratarla en la cura y luego decir c\u00f3mo opera el discurso anal\u00edtico.<\/p>\n\n\n\n<p class=\"has-text-align-right\"><strong>Patrick BARILLOT<\/strong><br><em>Mayo de 2023<\/em><\/p>\n\n\n\n<h2 class=\"wp-block-heading\"><strong>Subtemas<\/strong><\/h2>\n\n\n\n<p><strong>\u00bfC\u00f3mo hacerla hablar?&nbsp;<\/strong><strong><\/strong><\/p>\n\n\n\n<ul class=\"wp-block-list\">\n<li>Seg\u00fan sus anclajes contempor\u00e1neos<\/li>\n\n\n\n<li>En el ni\u00f1o y el adolescente<\/li>\n\n\n\n<li>Seg\u00fan los sexos<\/li>\n<\/ul>\n\n\n\n<p><strong>El tratamiento de la angustia seg\u00fan los tipos cl\u00ednicos<\/strong><br><strong>El psicoan\u00e1lisis y los tiempos de la angustia<\/strong><br><strong>La angustia fecunda<\/strong><\/p>\n\n\n\n<hr class=\"wp-block-separator has-alpha-channel-opacity\"\/>\n\n\n\n<p><a id=\"_ftn1\" href=\"#_ftnref1\">[1]<\/a> J. Lacan, <em>La tercera 1974.<\/em><br><a id=\"_ftn2\" href=\"#_ftnref2\">[2]<\/a> J. Lacan, <em>El seminario<\/em>, <em>Libro X,<\/em> <em>La angustia<\/em>, Buenos Aires, Paid\u00f3s, 2007, p. 52.<br><a id=\"_ftn3\" href=\"#_ftnref3\">[3]<\/a> J. Lacan, \u00abRadiofon\u00eda\u00bb, Otros Escritos, Buenos Aires, Paid\u00f3s, 2012, p. 436.<br><a id=\"_ftn4\" href=\"#_ftnref4\">[4]<\/a> J. Lacan, \u00abEl acto analit\u00edco\u00bb, Otros Escritos, Buenos Aires, Paid\u00f3s, 2012, p. 402.<\/p>\n\n\n\n<hr class=\"wp-block-separator has-alpha-channel-opacity\"\/>\n\n\n\n<h2 class=\"wp-block-heading\"><strong>ACTIVIDADES PREPARATORIAS<\/strong><\/h2>\n\n\n\n<hr class=\"wp-block-separator has-alpha-channel-opacity\"\/>\n\n\n\n<h2 class=\"wp-block-heading\"><strong>Documentos para descargar<\/strong><\/h2>\n\n\n\n<div class=\"wp-block-file\"><a id=\"wp-block-file--media-c2949a6d-e692-4555-b110-a6df93e3c023\" href=\"https:\/\/if-epfcl-paris2024.champlacanienfrance.net\/wp-content\/uploads\/2023\/09\/JN2024_ARGUM_spa-web-def.pdf\">ARGUM RVI esp<\/a><a href=\"https:\/\/if-epfcl-paris2024.champlacanienfrance.net\/wp-content\/uploads\/2023\/09\/JN2024_ARGUM_spa-web-def.pdf\" class=\"wp-block-file__button wp-element-button\" download aria-describedby=\"wp-block-file--media-c2949a6d-e692-4555-b110-a6df93e3c023\">T\u00e9l\u00e9charger<\/a><\/div>\n\n\n\n<p> <\/p>\n\n\n\n<div class=\"wp-block-file\"><a id=\"wp-block-file--media-12b2d6a1-f10e-4fdb-9228-e53f17c97a0d\" href=\"https:\/\/if-epfcl-paris2024.champlacanienfrance.net\/wp-content\/uploads\/2023\/09\/SPANISH-A4-scaled.jpg\">P\u00f3ster RVI esp<\/a><a href=\"https:\/\/if-epfcl-paris2024.champlacanienfrance.net\/wp-content\/uploads\/2023\/09\/SPANISH-A4-scaled.jpg\" class=\"wp-block-file__button wp-element-button\" download aria-describedby=\"wp-block-file--media-12b2d6a1-f10e-4fdb-9228-e53f17c97a0d\">T\u00e9l\u00e9charger<\/a><\/div>\n","protected":false},"excerpt":{"rendered":"<p>XII CITA DE LA INTERNACIONAL DE LOS FOROS DEL CAMPO LACANIANO \u00ab&nbsp;\u00bfLA ANGUSTIA C\u00d3MO HACERLA HABLAR&nbsp;?&nbsp;\u00bb Argumento Hoy en d\u00eda la angustia, con diversos nombres, est\u00e1 en todas partes. Es un afecto experimentado por todos los hablantes y siempre lo ha sido. Lacan la situ\u00f3 en la categor\u00eda de los sentimientos que implican manifestaciones corporales [&hellip;]<\/p>\n","protected":false},"author":2,"featured_media":0,"parent":0,"menu_order":0,"comment_status":"closed","ping_status":"closed","template":"","meta":{"footnotes":""},"class_list":["post-217","page","type-page","status-publish","hentry"],"_links":{"self":[{"href":"https:\/\/if-epfcl-paris2024.champlacanienfrance.net\/es\/wp-json\/wp\/v2\/pages\/217","targetHints":{"allow":["GET"]}}],"collection":[{"href":"https:\/\/if-epfcl-paris2024.champlacanienfrance.net\/es\/wp-json\/wp\/v2\/pages"}],"about":[{"href":"https:\/\/if-epfcl-paris2024.champlacanienfrance.net\/es\/wp-json\/wp\/v2\/types\/page"}],"author":[{"embeddable":true,"href":"https:\/\/if-epfcl-paris2024.champlacanienfrance.net\/es\/wp-json\/wp\/v2\/users\/2"}],"replies":[{"embeddable":true,"href":"https:\/\/if-epfcl-paris2024.champlacanienfrance.net\/es\/wp-json\/wp\/v2\/comments?post=217"}],"version-history":[{"count":6,"href":"https:\/\/if-epfcl-paris2024.champlacanienfrance.net\/es\/wp-json\/wp\/v2\/pages\/217\/revisions"}],"predecessor-version":[{"id":816,"href":"https:\/\/if-epfcl-paris2024.champlacanienfrance.net\/es\/wp-json\/wp\/v2\/pages\/217\/revisions\/816"}],"wp:attachment":[{"href":"https:\/\/if-epfcl-paris2024.champlacanienfrance.net\/es\/wp-json\/wp\/v2\/media?parent=217"}],"curies":[{"name":"wp","href":"https:\/\/api.w.org\/{rel}","templated":true}]}}