{"id":229,"date":"2023-04-18T12:38:31","date_gmt":"2023-04-18T10:38:31","guid":{"rendered":"https:\/\/if-epfcl-paris2024.champlacanienfrance.net\/?page_id=229"},"modified":"2024-04-22T14:42:25","modified_gmt":"2024-04-22T12:42:25","slug":"turismo","status":"publish","type":"page","link":"https:\/\/if-epfcl-paris2024.champlacanienfrance.net\/es\/turismo\/","title":{"rendered":"TURISMO"},"content":{"rendered":"\n<h2 class=\"wp-block-heading alignwide\">Code AirFrance<\/h2>\n\n\n\n<p>40262AF &#8211; Journ\u00e9es internationales epfcl2024 (01\/05\/2024-05\/05\/2024)<\/p>\n\n\n\n<p>Contacto : <strong>Fr\u00e9d\u00e9rique Decoin<\/strong>&nbsp;<a rel=\"noreferrer noopener\" href=\"mailto:frederiquedecoin@icloud.com\" target=\"_blank\">frederiquedecoin@icloud.com<\/a><\/p>\n\n\n\n<h2 class=\"wp-block-heading alignwide\">Oficina de Turismo de Par\u00eds<\/h2>\n\n\n\n<p><a href=\"https:\/\/parisjetaime.com\/\">https:\/\/parisjetaime.com\/<\/a><\/p>\n\n\n\n<p><a href=\"https:\/\/www.timeout.fr\/paris\">https:\/\/www.timeout.fr\/paris<\/a> &amp; <a href=\"https:\/\/www.sortiraparis.com\/actualites\" target=\"_blank\" rel=\"noreferrer noopener\">https:\/\/www.sortiraparis.com\/actualites<\/a><\/p>\n\n\n\n<hr class=\"wp-block-separator has-alpha-channel-opacity\"\/>\n\n\n\n<p><strong>LACAN, LA EXPOSICI\u00d3N<\/strong><br><strong>Cuando el arte se encuentra con el psicoan\u00e1lisis<\/strong><br>Exposici\u00f3n en el Centro Pompidou-Metz<br>31 de diciembre de 2023 &#8211; 27 de mayo de 2024 (martes cerrado)<\/p>\n\n\n\n<p>El pensamiento de Lacan sigue inexplorado en los museos hasta nuestros d\u00edas, a pesar de que mantuvo una relaci\u00f3n muy estrecha con las obras de arte. Lacan se relacion\u00f3 estrechamente con el arte y los artistas del siglo XX (Salvador Dal\u00ed, Andr\u00e9 Masson, Georges Bataille, Pablo Picasso y Dora Maar) y nunca dej\u00f3 de recurrir al arte de todas las \u00e9pocas en su ense\u00f1anza. M\u00e1s de 40 a\u00f1os despu\u00e9s de la muerte del psicoanalista, la exposici\u00f3n del Centro Pompidou-Metz explorar\u00e1 la especial relaci\u00f3n de Lacan con el arte, reuniendo las obras que \u00e9l mismo index\u00f3, los artistas que le han rendido homenaje y las obras modernas y contempor\u00e1neas que se hacen eco de las principales articulaciones conceptuales de su pensamiento.<\/p>\n\n\n\n<p><a href=\"https:\/\/www.centrepompidou-metz.fr\/fr\/programmation\/exposition\/lacan-lexposition\">https:\/\/www.centrepompidou-metz.fr\/fr\/programmation\/exposition\/lacan-lexposition<\/a><\/p>\n\n\n\n<p>Accesible en tren desde la Gare de Paris-Est, trayecto directo 1h30. El Centro Pompidou Metz se encuentra a 10 minutos a pie de la estaci\u00f3n.<\/p>\n\n\n<div class=\"wp-block-image\">\n<figure class=\"aligncenter size-full\"><img loading=\"lazy\" decoding=\"async\" width=\"315\" height=\"472\" src=\"https:\/\/if-epfcl-paris2024.champlacanienfrance.net\/wp-content\/uploads\/2024\/01\/image-4.png\" alt=\"\" class=\"wp-image-768\" srcset=\"https:\/\/if-epfcl-paris2024.champlacanienfrance.net\/wp-content\/uploads\/2024\/01\/image-4.png 315w, https:\/\/if-epfcl-paris2024.champlacanienfrance.net\/wp-content\/uploads\/2024\/01\/image-4-200x300.png 200w\" sizes=\"auto, (max-width: 315px) 100vw, 315px\" \/><\/figure>\n<\/div>\n\n\n<hr class=\"wp-block-separator has-alpha-channel-opacity\"\/>\n\n\n\n<p><strong>Exposici\u00f3n en el Museo de Orsay<\/strong><br><strong>Par\u00eds 1874<\/strong><br><strong>Inventar el impresionismo<\/strong><br><strong>Del 26 de marzo al 14 de julio de 2024<\/strong><\/p>\n\n\n\n<p>Hace 150 a\u00f1os, el 15 de abril de 1874, se inaugur\u00f3 en Par\u00eds la primera exposici\u00f3n impresionista. \u00abPara celebrar este aniversario, el museo de Orsay presenta unas 130 obras, que ofrecen una nueva mirada sobre esta fecha clave, considerada como el pistoletazo de salida de las vanguardias.<\/p>\n\n\n\n<p><a href=\"https:\/\/www.musee-orsay.fr\/fr\/agenda\/expositions\/paris-1874-inventer-limpressionnisme\">https:\/\/www.musee-orsay.fr\/fr\/agenda\/expositions\/paris-1874-inventer-limpressionnisme<\/a><\/p>\n\n\n\n<figure class=\"wp-block-image size-large\"><img loading=\"lazy\" decoding=\"async\" width=\"1024\" height=\"401\" src=\"https:\/\/if-epfcl-paris2024.champlacanienfrance.net\/wp-content\/uploads\/2023\/12\/Image-1-1024x401.png\" alt=\"\" class=\"wp-image-657\" srcset=\"https:\/\/if-epfcl-paris2024.champlacanienfrance.net\/wp-content\/uploads\/2023\/12\/Image-1-1024x401.png 1024w, https:\/\/if-epfcl-paris2024.champlacanienfrance.net\/wp-content\/uploads\/2023\/12\/Image-1-300x117.png 300w, https:\/\/if-epfcl-paris2024.champlacanienfrance.net\/wp-content\/uploads\/2023\/12\/Image-1-768x301.png 768w, https:\/\/if-epfcl-paris2024.champlacanienfrance.net\/wp-content\/uploads\/2023\/12\/Image-1.png 1037w\" sizes=\"auto, (max-width: 1024px) 100vw, 1024px\" \/><\/figure>\n\n\n\n<hr class=\"wp-block-separator has-alpha-channel-opacity\"\/>\n\n\n\n<p><strong>Exposici\u00f3n en el museo L&#8217;Orangerie<\/strong><br><strong>Robert Ryman La mirada en acci\u00f3n<\/strong><br><strong>Del 06 de marzo al 01 de julio de 2024<\/strong><\/p>\n\n\n\n<p>El museo de la Orangerie dedica una exposici\u00f3n al artista estadounidense Robert Ryman (1930-2019). Demasiado a menudo equiparado al movimiento minimalista estadounidense, con el que dialoga m\u00e1s a menudo en las paredes de los museos, el enfoque singular de Ryman exige ahora ser visto por s\u00ed mismo y por s\u00ed mismo.<\/p>\n\n\n\n<p><a href=\"https:\/\/www.musee-orangerie.fr\/fr\/agenda\/expositions\/robert-ryman-le-regard-en-acte\">https:\/\/www.musee-orangerie.fr\/fr\/agenda\/expositions\/robert-ryman-le-regard-en-acte<\/a><\/p>\n\n\n\n<figure class=\"wp-block-image size-large\"><img loading=\"lazy\" decoding=\"async\" width=\"1024\" height=\"402\" src=\"https:\/\/if-epfcl-paris2024.champlacanienfrance.net\/wp-content\/uploads\/2023\/12\/Image-2-1024x402.png\" alt=\"\" class=\"wp-image-662\" srcset=\"https:\/\/if-epfcl-paris2024.champlacanienfrance.net\/wp-content\/uploads\/2023\/12\/Image-2-1024x402.png 1024w, https:\/\/if-epfcl-paris2024.champlacanienfrance.net\/wp-content\/uploads\/2023\/12\/Image-2-300x118.png 300w, https:\/\/if-epfcl-paris2024.champlacanienfrance.net\/wp-content\/uploads\/2023\/12\/Image-2-768x302.png 768w, https:\/\/if-epfcl-paris2024.champlacanienfrance.net\/wp-content\/uploads\/2023\/12\/Image-2.png 1039w\" sizes=\"auto, (max-width: 1024px) 100vw, 1024px\" \/><\/figure>\n\n\n\n<hr class=\"wp-block-separator has-alpha-channel-opacity\"\/>\n\n\n\n<p><strong>Exposici\u00f3n en el Centro Pompidou<\/strong><br><strong>Brancusi<\/strong><br><strong>El arte no ha hecho m\u00e1s que empezar<\/strong><br><strong>27 de marzo &#8211; 1 de julio de 2024<\/strong><\/p>\n\n\n\n<p>Esta exposici\u00f3n excepcional, que rinde homenaje al padre de la escultura moderna, ofrece una oportunidad \u00fanica de reexaminar bajo una nueva luz el arte de este inmenso artista del siglo XX. El taller constituye la matriz de esta retrospectiva, que re\u00fane conjuntos escult\u00f3ricos in\u00e9ditos, gracias a importantes pr\u00e9stamos de destacados museos internacionales.<\/p>\n\n\n\n<p><a href=\"https:\/\/www.centrepompidou.fr\/fr\/programme\/agenda\/evenement\/mb7ZAkc\">https:\/\/www.centrepompidou.fr\/fr\/programme\/agenda\/evenement\/mb7ZAkc<\/a><\/p>\n\n\n<div class=\"wp-block-image\">\n<figure class=\"aligncenter size-full\"><img loading=\"lazy\" decoding=\"async\" width=\"596\" height=\"468\" src=\"https:\/\/if-epfcl-paris2024.champlacanienfrance.net\/wp-content\/uploads\/2023\/12\/Image-3.png\" alt=\"\" class=\"wp-image-667\" srcset=\"https:\/\/if-epfcl-paris2024.champlacanienfrance.net\/wp-content\/uploads\/2023\/12\/Image-3.png 596w, https:\/\/if-epfcl-paris2024.champlacanienfrance.net\/wp-content\/uploads\/2023\/12\/Image-3-300x236.png 300w\" sizes=\"auto, (max-width: 596px) 100vw, 596px\" \/><\/figure>\n<\/div>\n\n\n<hr class=\"wp-block-separator has-alpha-channel-opacity\"\/>\n\n\n\n<p><strong>Exposici\u00f3n<\/strong><br><strong>Museo quai Branly<\/strong><br><strong>Mexica<\/strong><br><strong>Regalos y dioses en el Templo Mayor<\/strong><\/p>\n\n\n\n<p>El fruto de las investigaciones realizadas en el principal templo de la cultura mexicana se presenta por primera vez en Europa. La exposici\u00f3n, organizada en asociaci\u00f3n con el Instituto Nacional de Antropolog\u00eda e Historia (INAH) de Ciudad de M\u00e9xico, levanta el velo sobre estos descubrimientos. Su estudio revela no s\u00f3lo una sociedad din\u00e1mica y depredadora, sino tambi\u00e9n la excelencia art\u00edstica y un complejo pensamiento simb\u00f3lico y religioso.<a href=\"https:\/\/www.quaibranly.fr\/fr\/expositions-evenements\/au-musee\/expositions\/details-de-levenement\/e\/mexica\">https:\/\/www.quaibranly.fr\/fr\/expositions-evenements\/au-musee\/expositions\/details-de-levenement\/e\/mexica<\/a>.<\/p>\n\n\n<div class=\"wp-block-image\">\n<figure class=\"aligncenter size-full\"><img loading=\"lazy\" decoding=\"async\" width=\"625\" height=\"468\" src=\"https:\/\/if-epfcl-paris2024.champlacanienfrance.net\/wp-content\/uploads\/2023\/12\/Image-4.png\" alt=\"\" class=\"wp-image-672\" srcset=\"https:\/\/if-epfcl-paris2024.champlacanienfrance.net\/wp-content\/uploads\/2023\/12\/Image-4.png 625w, https:\/\/if-epfcl-paris2024.champlacanienfrance.net\/wp-content\/uploads\/2023\/12\/Image-4-300x225.png 300w\" sizes=\"auto, (max-width: 625px) 100vw, 625px\" \/><\/figure>\n<\/div>\n\n\n<hr class=\"wp-block-separator has-alpha-channel-opacity\"\/>\n\n\n\n<p><strong>Museo del H\u00f4tel de la Marine<\/strong><\/p>\n\n\n\n<p>Visite los suntuosos pisos del siglo XVIII, totalmente amueblados y decorados, la magn\u00edfica colecci\u00f3n Al Thani para maravillarse con obras maestras de todo el mundo, desde la Antig\u00fcedad hasta nuestros d\u00edas, los salones de estado, la logia con su magn\u00edfica vista de la Place de la Concorde y las exposiciones temporales de gran calidad.<a href=\"https:\/\/www.hotel-de-la-marine.paris\/\"><\/a><\/p>\n\n\n\n<p><a href=\"https:\/\/www.hotel-de-la-marine.paris\/\">https:\/\/www.hotel-de-la-marine.paris\/<\/a><\/p>\n\n\n<div class=\"wp-block-image\">\n<figure class=\"aligncenter size-full\"><img loading=\"lazy\" decoding=\"async\" width=\"577\" height=\"354\" src=\"https:\/\/if-epfcl-paris2024.champlacanienfrance.net\/wp-content\/uploads\/2023\/12\/Image-5.png\" alt=\"\" class=\"wp-image-677\" srcset=\"https:\/\/if-epfcl-paris2024.champlacanienfrance.net\/wp-content\/uploads\/2023\/12\/Image-5.png 577w, https:\/\/if-epfcl-paris2024.champlacanienfrance.net\/wp-content\/uploads\/2023\/12\/Image-5-300x184.png 300w\" sizes=\"auto, (max-width: 577px) 100vw, 577px\" \/><\/figure>\n<\/div>\n\n\n<p><\/p>\n\n\n<div class=\"wp-block-image\">\n<figure class=\"aligncenter size-full\"><img loading=\"lazy\" decoding=\"async\" width=\"525\" height=\"357\" src=\"https:\/\/if-epfcl-paris2024.champlacanienfrance.net\/wp-content\/uploads\/2023\/12\/Image-5b.png\" alt=\"\" class=\"wp-image-682\" srcset=\"https:\/\/if-epfcl-paris2024.champlacanienfrance.net\/wp-content\/uploads\/2023\/12\/Image-5b.png 525w, https:\/\/if-epfcl-paris2024.champlacanienfrance.net\/wp-content\/uploads\/2023\/12\/Image-5b-300x204.png 300w\" sizes=\"auto, (max-width: 525px) 100vw, 525px\" \/><\/figure>\n<\/div>\n\n\n<hr class=\"wp-block-separator has-alpha-channel-opacity\"\/>\n\n\n\n<p><strong>Talleres culinarios en el H\u00f4tel de la Marine<\/strong><\/p>\n\n\n\n<p>Podr\u00e1 asistir a talleres culinarios en los que se mostrar\u00e1n los conocimientos gastron\u00f3micos franceses. Una visita seguida de una demostraci\u00f3n de cocina a cargo de un chef. En el verano de 2024 se ofrecer\u00e1n otras actividades culinarias: demostraciones, cocina pr\u00e1ctica, degustaciones, clases de vino y pasteler\u00eda, etc.<\/p>\n\n\n\n<p><a href=\"https:\/\/www.hotel-de-la-marine.paris\/visiter\/visites-et-activites\">https:\/\/www.hotel-de-la-marine.paris\/visiter\/visites-et-activites<\/a><\/p>\n\n\n<div class=\"wp-block-image\">\n<figure class=\"aligncenter size-full\"><img loading=\"lazy\" decoding=\"async\" width=\"373\" height=\"473\" src=\"https:\/\/if-epfcl-paris2024.champlacanienfrance.net\/wp-content\/uploads\/2023\/12\/Image-6.png\" alt=\"\" class=\"wp-image-687\" srcset=\"https:\/\/if-epfcl-paris2024.champlacanienfrance.net\/wp-content\/uploads\/2023\/12\/Image-6.png 373w, https:\/\/if-epfcl-paris2024.champlacanienfrance.net\/wp-content\/uploads\/2023\/12\/Image-6-237x300.png 237w\" sizes=\"auto, (max-width: 373px) 100vw, 373px\" \/><\/figure>\n<\/div>\n\n\n<p><\/p>\n\n\n<div class=\"wp-block-image\">\n<figure class=\"aligncenter size-full\"><img loading=\"lazy\" decoding=\"async\" width=\"562\" height=\"418\" src=\"https:\/\/if-epfcl-paris2024.champlacanienfrance.net\/wp-content\/uploads\/2023\/12\/Image-6b.png\" alt=\"\" class=\"wp-image-692\" srcset=\"https:\/\/if-epfcl-paris2024.champlacanienfrance.net\/wp-content\/uploads\/2023\/12\/Image-6b.png 562w, https:\/\/if-epfcl-paris2024.champlacanienfrance.net\/wp-content\/uploads\/2023\/12\/Image-6b-300x223.png 300w\" sizes=\"auto, (max-width: 562px) 100vw, 562px\" \/><\/figure>\n<\/div>\n\n\n<hr class=\"wp-block-separator has-alpha-channel-opacity\"\/>\n\n\n\n<p><strong>Exposici\u00f3n <br>Palais de Tokyo<br>TOUCHER L\u2019INSENSE<\/strong><\/p>\n\n\n\n<p>La \u00bb <a href=\"https:\/\/palaisdetokyo.com\/glossaire\/psychotherapie-institutionnelle\/\">psicoterapia institucional<\/a> \u00bb es una pr\u00e1ctica psiqui\u00e1trica que comenz\u00f3 a <sup>mediados del<\/sup> siglo XX, basada en la premisa de que, para tratar a los pacientes, primero hay que tratar al hospital. En otras palabras, el trastorno mental nunca debe aislarse de su contexto social e institucional. Inspirada en estos revolucionarios experimentos psiqui\u00e1tricos y humanos, que se apoyan en lo colectivo y en la creaci\u00f3n art\u00edstica, esta exposici\u00f3n examina diferentes maneras de transformar los lugares de aislamiento en lugares de protecci\u00f3n, refugios contra la violencia de la sociedad.<\/p>\n\n\n\n<p>Con pel\u00edculas de Fran\u00e7ois Pain, que document\u00f3 la vida en la cl\u00ednica de La Borde, y las palabras de destacados profesionales de la <a href=\"https:\/\/palaisdetokyo.com\/glossaire\/psychotherapie-institutionnelle\/\">psicoterapia institucional<\/a> (Fran\u00e7ois Tosquelles, Jean Oury, F\u00e9lix Guattari), re\u00fane a artistas, as\u00ed como a cuidadores y educadores, que han iniciado pr\u00e1cticas art\u00edsticas colectivas en diversas estructuras vinculadas a la atenci\u00f3n en salud mental. Estas experiencias, pasadas y presentes, en Francia y en otros lugares, muestran c\u00f3mo el arte es una herramienta de emancipaci\u00f3n, una forma activa y cr\u00edtica de convivencia y una expresi\u00f3n de poes\u00eda vital.<\/p>\n\n\n\n<p><a href=\"https:\/\/palaisdetokyo.com\/exposition\/toucher-linsense\">https:\/\/palaisdetokyo.com\/exposition\/toucher-linsense<\/a><\/p>\n\n\n<div class=\"wp-block-image\">\n<figure class=\"aligncenter size-full\"><img loading=\"lazy\" decoding=\"async\" width=\"856\" height=\"570\" src=\"https:\/\/if-epfcl-paris2024.champlacanienfrance.net\/wp-content\/uploads\/2024\/04\/image-5.png\" alt=\"\" class=\"wp-image-1246\" srcset=\"https:\/\/if-epfcl-paris2024.champlacanienfrance.net\/wp-content\/uploads\/2024\/04\/image-5.png 856w, https:\/\/if-epfcl-paris2024.champlacanienfrance.net\/wp-content\/uploads\/2024\/04\/image-5-300x200.png 300w, https:\/\/if-epfcl-paris2024.champlacanienfrance.net\/wp-content\/uploads\/2024\/04\/image-5-768x511.png 768w\" sizes=\"auto, (max-width: 856px) 100vw, 856px\" \/><\/figure>\n<\/div>","protected":false},"excerpt":{"rendered":"<p>Code AirFrance 40262AF &#8211; Journ\u00e9es internationales epfcl2024 (01\/05\/2024-05\/05\/2024) Contacto : Fr\u00e9d\u00e9rique Decoin&nbsp;frederiquedecoin@icloud.com Oficina de Turismo de Par\u00eds https:\/\/parisjetaime.com\/ https:\/\/www.timeout.fr\/paris &amp; https:\/\/www.sortiraparis.com\/actualites LACAN, LA EXPOSICI\u00d3NCuando el arte se encuentra con el psicoan\u00e1lisisExposici\u00f3n en el Centro Pompidou-Metz31 de diciembre de 2023 &#8211; 27 de mayo de 2024 (martes cerrado) El pensamiento de Lacan sigue inexplorado en los [&hellip;]<\/p>\n","protected":false},"author":2,"featured_media":0,"parent":0,"menu_order":0,"comment_status":"closed","ping_status":"closed","template":"","meta":{"footnotes":""},"class_list":["post-229","page","type-page","status-publish","hentry"],"_links":{"self":[{"href":"https:\/\/if-epfcl-paris2024.champlacanienfrance.net\/es\/wp-json\/wp\/v2\/pages\/229","targetHints":{"allow":["GET"]}}],"collection":[{"href":"https:\/\/if-epfcl-paris2024.champlacanienfrance.net\/es\/wp-json\/wp\/v2\/pages"}],"about":[{"href":"https:\/\/if-epfcl-paris2024.champlacanienfrance.net\/es\/wp-json\/wp\/v2\/types\/page"}],"author":[{"embeddable":true,"href":"https:\/\/if-epfcl-paris2024.champlacanienfrance.net\/es\/wp-json\/wp\/v2\/users\/2"}],"replies":[{"embeddable":true,"href":"https:\/\/if-epfcl-paris2024.champlacanienfrance.net\/es\/wp-json\/wp\/v2\/comments?post=229"}],"version-history":[{"count":7,"href":"https:\/\/if-epfcl-paris2024.champlacanienfrance.net\/es\/wp-json\/wp\/v2\/pages\/229\/revisions"}],"predecessor-version":[{"id":1251,"href":"https:\/\/if-epfcl-paris2024.champlacanienfrance.net\/es\/wp-json\/wp\/v2\/pages\/229\/revisions\/1251"}],"wp:attachment":[{"href":"https:\/\/if-epfcl-paris2024.champlacanienfrance.net\/es\/wp-json\/wp\/v2\/media?parent=229"}],"curies":[{"name":"wp","href":"https:\/\/api.w.org\/{rel}","templated":true}]}}