{"id":219,"date":"2023-04-18T12:33:17","date_gmt":"2023-04-18T10:33:17","guid":{"rendered":"https:\/\/if-epfcl-paris2024.champlacanienfrance.net\/?page_id=219"},"modified":"2024-01-21T10:33:01","modified_gmt":"2024-01-21T09:33:01","slug":"rendez-vous-if","status":"publish","type":"page","link":"https:\/\/if-epfcl-paris2024.champlacanienfrance.net\/it\/rendez-vous-if\/","title":{"rendered":"Rendez-vous IF"},"content":{"rendered":"\n<h2 class=\"wp-block-heading alignwide\">XII RENDEZ-VOUS DELL\u2019INTERNAZIONALE DEI FORUM DEL CAMPO LACANIANO \u00ab&nbsp;L\u2019angoscia, come farla farlare&nbsp;?<\/h2>\n\n\n\n<h2 class=\"wp-block-heading\"><strong>Argomento<\/strong><\/h2>\n\n\n\n<p>Oggi il tema dell\u2019angoscia, sotto nomi diversi, \u00e8 dappertutto. L\u2019angoscia \u00e8 un affetto provato da tutti i parlanti e da sempre. Lacan la collocava nella categoria del sentire che comporta manifestazioni corporee maggiori. Perch\u00e9 sforzarsi di farla parlare invece di farla tacere, come ci si impegna facendo uso massiccio di ansiolitici e altri tranquillanti&nbsp;?<\/p>\n\n\n\n<p>\u00c8 che si suppone che abbia qualcosa da dire, ma occorre ancora trovare il modo di farla parlare. Per il soggetto angosciato, questo affetto \u00e8 una certezza, ma dell\u2019ordine di un\u2019indeterminatezza, di un indicibile su ci\u00f2 che la genera. Farla parlare, certo, bisogna per\u00f2 che si possa crederle. Su questo punto, la clinica analitica ci ha insegnato che l\u2019angoscia \u00e8 l\u2019unico affetto che non inganna, mentre tutti i senti-mentono sulla loro causa.<\/p>\n\n\n\n<p>Tuttavia come pu\u00f2 l\u2019angoscia non ingannare allorch\u00e9 per l\u2019angosciato, colui che la prova, la sua causa rimane enigmatica&nbsp;? Questo perch\u00e9 a differenza degli altri sentimenti che derivano metonimicamente con i significanti, essa rimane ormeggiata a ci\u00f2 che la produce, ossia a un reale. La sua certezza clinica ci indica che si riferisce, non al significante ingannevole, bens\u00ec ad un reale. Da cui l\u2019importanza di farla parlare per circoscrivere il reale in gioco per il soggetto che ne \u00e8 affetto. Lacan ne ha fatto anche, tardivamente, \u00ab&nbsp;il sintomo-tipo di ogni avvento del reale<a href=\"#_ftn1\" id=\"_ftnref1\">[1]<\/a>&nbsp;\u00bb. Sta a noi precisarne le differenti occorrenze. Tuttavia ecco alcuni orientamenti.&nbsp;<\/p>\n\n\n\n<p>Con questa formula egli inglobava ci\u00f2 che ne aveva potuto dire fino ad allora, ivi compreso una parte delle tesi di Freud. Concepita all\u2019origine come un effetto della rimozione, risultato della privazione pulsionale che la rimozione implica, nel 1926 in <em>Inibizione, sintomo e angoscia<\/em> e i suoi Addenda, Freud rovescia la sua tesi. L\u2019angoscia diventa la causa della rimozione, il suo motore. All\u2019effetto di castrazione accompagnato dall\u2019angoscia della mancanza, legato alle prime disillusioni del bambino di fronte all\u2019Altro parentale che fa difetto nel rispondere alle sue domande, Freud estende l\u2019angoscia all\u2019effetto dell\u2019incontro traumatico di ogni nevrosi. Affetto di una situazione di inermit\u00e0 &#8211; <em>Hilflosigkeit<\/em> \u2013 che lascia il bambino inerme nel suo incontro reale con l\u2019eccitazione pulsionale e la sua esigenza di soddisfazione, causa della rimozione e del sopravvenire dei sintomi. L\u2019angoscia di questo primo trauma diventa successivamente segnale d\u2019allarme, indicatore di un pericolo.<\/p>\n\n\n\n<p>Tuttavia per Lacan, l\u2019angoscia rivela pi\u00f9 di ci\u00f2 che Freud ne diceva sulla castrazione, poich\u00e9 al di l\u00e0 della mancanza, tocca la questione dell\u2019essere del soggetto. Insistendo sulle congiunture dell\u2019angoscia, ne fa l\u2019affetto dell\u2019enigma sulla causa del desiderio, che sia desiderio dell\u2019Altro o del soggetto. La sua apparizione si verifica ogni volta che il soggetto si sente minacciato di non essere nient\u2019altro che un oscuro oggetto per l\u2019Altro. Questo vuoto di significazione si ritrova anche quando l\u2019enigma porta sul suo proprio desiderio, di cui egli non ha la padronanza, poich\u00e9 il soggetto desidera in quanto Altro. \u00c8 qui che l\u2019angoscia si fa l\u2019indice dell\u2019oggetto <em>a<\/em>, nei rapporti che il soggetto intrattiene con l\u2019Altro, attraverso le vie dell\u2019amore e del desiderio. Questo fa dire a Lacan che l\u2019angoscia non \u00e8 senza oggetto. Laddove Freud collega l\u2019angoscia alla minaccia di castrazione e alla sua mancanza correlativa, Lacan rovescia la tesi, elaborando una nuova struttura dell\u2019angoscia che sorge quando la mancanza viene a mancare. Effetto di estraneit\u00e0, \u00ab&nbsp;L\u2019Unheimlich \u00e8 ci\u00f2 che appare nel posto in cui dovrebbe stare meno-<em>phi<a href=\"#_ftn2\" id=\"_ftnref2\"><strong>[2]<\/strong><\/a><\/em> \u00bb della castrazione.<\/p>\n\n\n\n<p>Prima di diagnosticare \u00ab&nbsp;l\u2019ascesa allo zenit sociale dell\u2019oggetto <em>a<a href=\"#_ftn3\" id=\"_ftnref3\"><strong>[3]<\/strong><\/a><\/em>&nbsp;\u00bb come pi\u00f9 di godimento, con lo sviluppo del discorso capitalista, egli concepisce \u00ab&nbsp;un cambiamento precisamente nell\u2019ormeggio dell\u2019angoscia<a href=\"#_ftn4\" id=\"_ftnref4\">[4]<\/a> \u00bb, che del soggetto fa puro clivaggio. Beanza soggettiva di un soggetto ridotto all\u2019oggetto in quanto manca, soggettivamente destituito, dove la sua mancanza a godere \u00e8 colmata dai pi\u00f9 di godimento messi a sua disposizione. Con la conseguenza dell\u2019ascesa del clamore sociale che esprime l\u2019inermit\u00e0, la derelizione del parlessere. Con questo reale dell\u2019oggetto <em>a<\/em>, che manca di inscriversi nell\u2019Altro, reale del simbolico, Lacan ha esteso le congiunture dell\u2019angoscia al di l\u00e0 dell\u2019oggetto, al reale fuori simbolico, ci\u00f2 che dice la sua definizione dell\u2019angoscia come \u00ab&nbsp;il sintomo-tipo di ogni avvento del reale \u00bb.<\/p>\n\n\n\n<p>Circa un mezzo secolo pi\u00f9 tardi, interroghiamoci sull\u2019evoluzione delle forme di ancoraggio dell\u2019angoscia in funzione dei discorsi e del reale fuori simbolico. L\u2019eco-ansia e il calo della natalit\u00e0 in tutte le societ\u00e0 industrializzate non ne sarebbero i rilevatori&nbsp;? Questo ci indica che l\u2019angoscia \u00e8 sensibile ai discorsi e la clinica ci insegna che la psicoanalisi ne alleggerisce il soggetto. Ma come procede il discorso analitico&nbsp;? Di sicuro non come lo promuovono le psicoterapie con una gestione delle emozioni, altro nome degli affetti. L\u2019angoscia \u00e8 indomabile, non la si pu\u00f2 costringere ad ubbidire.&nbsp;<\/p>\n\n\n\n<p>Tocca a noi specificare ci\u00f2 che dell\u2019inconscio, del linguaggio e dei discorsi determini&nbsp; l\u2019angoscia, se vogliamo poterla trattare nella cura e dire poi in che modo operi il discorso analitico.<\/p>\n\n\n\n<p class=\"has-text-align-right\"><strong>Patrick BARILLOT<\/strong><br><em>Maggio 2023<\/em><\/p>\n\n\n\n<h2 class=\"wp-block-heading\"><strong>Sotto-temi<\/strong><\/h2>\n\n\n\n<p><strong>Come farla parlare&nbsp;?<\/strong><\/p>\n\n\n\n<ul class=\"wp-block-list\">\n<li>A seconda dei suoi ormeggi contemporanei<\/li>\n\n\n\n<li>Nel bambino e nell\u2019adolescente<\/li>\n\n\n\n<li>A seconda dei sessi<\/li>\n<\/ul>\n\n\n\n<p><strong>Il trattamento dell\u2019angoscia a seconda dei tipi clinici<\/strong><br><strong>La psicoanalisi e i tempi dell\u2019angoscia<\/strong><br><strong>L\u2019angoscia feconda<\/strong><\/p>\n\n\n\n<hr class=\"wp-block-separator has-alpha-channel-opacity\"\/>\n\n\n\n<p><a id=\"_ftn1\" href=\"#_ftnref1\">[1]<\/a> J. Lacan, \u00abLa terza\u00bb [Roma 1974], in <em>La psicoanalisi<\/em> n\u00b0 12, Astrolabio, Roma 1992, p. 22. <a href=\"https:\/\/www.praxislacaniana.it\/wp-content\/uploads\/2021\/08\/La-Psicoanalisi-12-La-terza-di-LACAN.pdf\">https:\/\/www.praxislacaniana.it\/wp-content\/uploads\/2021\/08\/La-Psicoanalisi-12-La-terza-di-LACAN.pdf<\/a>&nbsp;<br><a id=\"_ftn2\" href=\"#_ftnref2\">[2]<\/a> J. Lacan, Il seminario, Libro X, <em>L\u2019angoscia <\/em>[1962-1963], Giulio Einaudi, Torino, 2007, p 47.<br><a id=\"_ftn3\" href=\"#_ftnref3\">[3]<\/a> J. Lacan, <em>Radiofonia. Televisione<\/em>, Giulio Einaudi, Torino 1982, p. 15. \u00abl\u2019ascesa allo zenit sociale dello oggetto detto da me chiamato <em>a<\/em>\u00bb, J. Lacan, \u00abRadiofonia\u00bb in <em>Altri scritti<\/em>, Giulio Einaudi, Torino, 2013, p. 410.<br><a id=\"_ftn4\" href=\"#_ftnref4\">[4]<\/a> J. Lacan, \u00abL\u2019atto psicoanalitico\u00bb in <em>Altri scritti<\/em>, cit., p. 375.<\/p>\n\n\n\n<hr class=\"wp-block-separator has-alpha-channel-opacity\"\/>\n\n\n\n<h2 class=\"wp-block-heading\"><strong>ATTIVIT\u00c0 PREPARATORIE<\/strong><\/h2>\n\n\n\n<div data-wp-interactive=\"core\/file\" class=\"wp-block-file\"><object data-wp-bind--hidden=\"!state.hasPdfPreview\" hidden class=\"wp-block-file__embed\" data=\"https:\/\/if-epfcl-paris2024.champlacanienfrance.net\/wp-content\/uploads\/2024\/01\/Seminario-EPFCL-ITALIA-FPL-NAPOLI-.pdf\" type=\"application\/pdf\" style=\"width:100%;height:600px\" aria-label=\"Incorporamento di Seminario-EPFCL-ITALIA-FPL-NAPOLI-.\"><\/object><a id=\"wp-block-file--media-b413d787-d007-46c9-98a0-5d3b7212f9ee\" href=\"https:\/\/if-epfcl-paris2024.champlacanienfrance.net\/wp-content\/uploads\/2024\/01\/Seminario-EPFCL-ITALIA-FPL-NAPOLI-.pdf\">Seminario-EPFCL-ITALIA-FPL-NAPOLI-<\/a><a href=\"https:\/\/if-epfcl-paris2024.champlacanienfrance.net\/wp-content\/uploads\/2024\/01\/Seminario-EPFCL-ITALIA-FPL-NAPOLI-.pdf\" class=\"wp-block-file__button wp-element-button\" download aria-describedby=\"wp-block-file--media-b413d787-d007-46c9-98a0-5d3b7212f9ee\">T\u00e9l\u00e9charger<\/a><\/div>\n\n\n\n<hr class=\"wp-block-separator has-alpha-channel-opacity\"\/>\n\n\n\n<h2 class=\"wp-block-heading\"><strong>Documenti da scaricare<\/strong><\/h2>\n\n\n\n<div class=\"wp-block-file\"><a id=\"wp-block-file--media-53203ae5-c78e-448e-af45-ae6660b85d92\" href=\"https:\/\/if-epfcl-paris2024.champlacanienfrance.net\/wp-content\/uploads\/2023\/09\/RVI-24_ARGUM_it-web-def.pdf\">ARGOM RVI it<\/a><a href=\"https:\/\/if-epfcl-paris2024.champlacanienfrance.net\/wp-content\/uploads\/2023\/09\/RVI-24_ARGUM_it-web-def.pdf\" class=\"wp-block-file__button wp-element-button\" download aria-describedby=\"wp-block-file--media-53203ae5-c78e-448e-af45-ae6660b85d92\">T\u00e9l\u00e9charger<\/a><\/div>\n\n\n\n<p> <\/p>\n\n\n\n<div class=\"wp-block-file\"><a id=\"wp-block-file--media-629b35d5-bee2-4fcf-8208-5acb8b45affe\" href=\"https:\/\/if-epfcl-paris2024.champlacanienfrance.net\/wp-content\/uploads\/2023\/09\/ITALY-A4-scaled.jpg\">Locandina RVI it<\/a><a href=\"https:\/\/if-epfcl-paris2024.champlacanienfrance.net\/wp-content\/uploads\/2023\/09\/ITALY-A4-scaled.jpg\" class=\"wp-block-file__button wp-element-button\" download aria-describedby=\"wp-block-file--media-629b35d5-bee2-4fcf-8208-5acb8b45affe\">T\u00e9l\u00e9charger<\/a><\/div>\n","protected":false},"excerpt":{"rendered":"<p>XII RENDEZ-VOUS DELL\u2019INTERNAZIONALE DEI FORUM DEL CAMPO LACANIANO \u00ab&nbsp;L\u2019angoscia, come farla farlare&nbsp;? Argomento Oggi il tema dell\u2019angoscia, sotto nomi diversi, \u00e8 dappertutto. L\u2019angoscia \u00e8 un affetto provato da tutti i parlanti e da sempre. Lacan la collocava nella categoria del sentire che comporta manifestazioni corporee maggiori. Perch\u00e9 sforzarsi di farla parlare invece di farla tacere, [&hellip;]<\/p>\n","protected":false},"author":2,"featured_media":0,"parent":0,"menu_order":0,"comment_status":"closed","ping_status":"closed","template":"","meta":{"footnotes":""},"class_list":["post-219","page","type-page","status-publish","hentry"],"_links":{"self":[{"href":"https:\/\/if-epfcl-paris2024.champlacanienfrance.net\/it\/wp-json\/wp\/v2\/pages\/219","targetHints":{"allow":["GET"]}}],"collection":[{"href":"https:\/\/if-epfcl-paris2024.champlacanienfrance.net\/it\/wp-json\/wp\/v2\/pages"}],"about":[{"href":"https:\/\/if-epfcl-paris2024.champlacanienfrance.net\/it\/wp-json\/wp\/v2\/types\/page"}],"author":[{"embeddable":true,"href":"https:\/\/if-epfcl-paris2024.champlacanienfrance.net\/it\/wp-json\/wp\/v2\/users\/2"}],"replies":[{"embeddable":true,"href":"https:\/\/if-epfcl-paris2024.champlacanienfrance.net\/it\/wp-json\/wp\/v2\/comments?post=219"}],"version-history":[{"count":7,"href":"https:\/\/if-epfcl-paris2024.champlacanienfrance.net\/it\/wp-json\/wp\/v2\/pages\/219\/revisions"}],"predecessor-version":[{"id":841,"href":"https:\/\/if-epfcl-paris2024.champlacanienfrance.net\/it\/wp-json\/wp\/v2\/pages\/219\/revisions\/841"}],"wp:attachment":[{"href":"https:\/\/if-epfcl-paris2024.champlacanienfrance.net\/it\/wp-json\/wp\/v2\/media?parent=219"}],"curies":[{"name":"wp","href":"https:\/\/api.w.org\/{rel}","templated":true}]}}