{"id":225,"date":"2023-04-18T12:38:31","date_gmt":"2023-04-18T10:38:31","guid":{"rendered":"https:\/\/if-epfcl-paris2024.champlacanienfrance.net\/?page_id=225"},"modified":"2024-04-22T14:40:04","modified_gmt":"2024-04-22T12:40:04","slug":"turism0","status":"publish","type":"page","link":"https:\/\/if-epfcl-paris2024.champlacanienfrance.net\/it\/turism0\/","title":{"rendered":"Turismo"},"content":{"rendered":"\n<h2 class=\"wp-block-heading alignwide\">Code AirFrance<\/h2>\n\n\n\n<p>40262AF &#8211; Journ\u00e9es internationales epfcl2024 (01\/05\/2024-05\/05\/2024)<\/p>\n\n\n\n<p>Contatto : <strong>Fr\u00e9d\u00e9rique Decoin<\/strong>&nbsp;<a rel=\"noreferrer noopener\" href=\"mailto:frederiquedecoin@icloud.com\" target=\"_blank\">frederiquedecoin@icloud.com<\/a><\/p>\n\n\n\n<h2 class=\"wp-block-heading alignwide\">Ufficio del Turismo di Parigi<\/h2>\n\n\n\n<p><a href=\"https:\/\/parisjetaime.com\/\">https:\/\/parisjetaime.com\/<\/a><\/p>\n\n\n\n<p><a href=\"https:\/\/www.timeout.fr\/paris\">https:\/\/www.timeout.fr\/paris<\/a> &amp; <a href=\"https:\/\/www.sortiraparis.com\/actualites\" target=\"_blank\" rel=\"noreferrer noopener\">https:\/\/www.sortiraparis.com\/actualites<\/a><\/p>\n\n\n\n<hr class=\"wp-block-separator has-alpha-channel-opacity\"\/>\n\n\n\n<p><strong>LACAN, LA MOSTRA<\/strong><br><strong>Quando l&#8217;arte incontra la psicoanalisi<\/strong><br>Mostra al Centre Pompidou-Metz<br>31 dicembre 2023 &#8211; 27 maggio 2024 (chiuso il marted\u00ec) <\/p>\n\n\n\n<p>Il pensiero di Lacan rimane ancora oggi inesplorato nei musei, nonostante il suo rapporto con le opere d&#8217;arte fosse molto stretto. Lacan era strettamente legato all&#8217;arte e agli artisti del Novecento (Salvador Dal\u00ed, Andr\u00e9 Masson, Georges Bataille, Pablo Picasso e Dora Maar) e non ha mai smesso di attingere all&#8217;arte di tutte le epoche nel suo insegnamento. A pi\u00f9 di 40 anni dalla morte dello psicoanalista, la mostra al Centre Pompidou-Metz esplorer\u00e0 lo speciale rapporto di Lacan con l&#8217;arte, riunendo le opere da lui stesso indicizzate, gli artisti che gli hanno reso omaggio e le opere moderne e contemporanee che riprendono le principali articolazioni concettuali del suo pensiero.<\/p>\n\n\n\n<p><a href=\"https:\/\/www.centrepompidou-metz.fr\/fr\/programmation\/exposition\/lacan-lexposition\">https:\/\/www.centrepompidou-metz.fr\/fr\/programmation\/exposition\/lacan-lexposition<\/a><\/p>\n\n\n\n<p>Raggiungibile in treno dalla Gare de Paris-Est, 1h30 di viaggio diretto. Il Centre Pompidou Metz si trova a 10 minuti a piedi dalla stazione.<\/p>\n\n\n<div class=\"wp-block-image\">\n<figure class=\"aligncenter size-full\"><img loading=\"lazy\" decoding=\"async\" width=\"315\" height=\"472\" src=\"https:\/\/if-epfcl-paris2024.champlacanienfrance.net\/wp-content\/uploads\/2024\/01\/image-2.png\" alt=\"\" class=\"wp-image-755\" srcset=\"https:\/\/if-epfcl-paris2024.champlacanienfrance.net\/wp-content\/uploads\/2024\/01\/image-2.png 315w, https:\/\/if-epfcl-paris2024.champlacanienfrance.net\/wp-content\/uploads\/2024\/01\/image-2-200x300.png 200w\" sizes=\"auto, (max-width: 315px) 100vw, 315px\" \/><\/figure>\n<\/div>\n\n\n<hr class=\"wp-block-separator has-alpha-channel-opacity\"\/>\n\n\n\n<p><strong>Mostra al Museo d&#8217;Orsay<\/strong><br><strong>Parigi 1874<\/strong><br><strong>L&#8217;invenzione dell&#8217;Impressionismo<\/strong><br><strong>Dal 26 marzo al 14 luglio 2024<\/strong><\/p>\n\n\n\n<p>150 anni fa, il 15 aprile 1874, si inaugurava a Parigi la prima mostra degli impressionisti. &#8220;Per celebrare questo anniversario, il Mus\u00e9e d&#8217;Orsay presenta circa 130 opere, che offrono uno sguardo nuovo su questa data fondamentale, considerata il punto di partenza dell&#8217;avanguardia.<\/p>\n\n\n\n<p><a href=\"https:\/\/www.musee-orsay.fr\/fr\/agenda\/expositions\/paris-1874-inventer-limpressionnisme\">https:\/\/www.musee-orsay.fr\/fr\/agenda\/expositions\/paris-1874-inventer-limpressionnisme<\/a><\/p>\n\n\n\n<figure class=\"wp-block-image size-large\"><img loading=\"lazy\" decoding=\"async\" width=\"1024\" height=\"401\" src=\"https:\/\/if-epfcl-paris2024.champlacanienfrance.net\/wp-content\/uploads\/2023\/12\/Image-1-1024x401.png\" alt=\"\" class=\"wp-image-655\" srcset=\"https:\/\/if-epfcl-paris2024.champlacanienfrance.net\/wp-content\/uploads\/2023\/12\/Image-1-1024x401.png 1024w, https:\/\/if-epfcl-paris2024.champlacanienfrance.net\/wp-content\/uploads\/2023\/12\/Image-1-300x117.png 300w, https:\/\/if-epfcl-paris2024.champlacanienfrance.net\/wp-content\/uploads\/2023\/12\/Image-1-768x301.png 768w, https:\/\/if-epfcl-paris2024.champlacanienfrance.net\/wp-content\/uploads\/2023\/12\/Image-1.png 1037w\" sizes=\"auto, (max-width: 1024px) 100vw, 1024px\" \/><\/figure>\n\n\n\n<hr class=\"wp-block-separator has-alpha-channel-opacity\"\/>\n\n\n\n<p><strong>Mostra al Mus\u00e9e L&#8217;Orangerie<\/strong><br><strong>Robert Ryman. Lo sguardo in azione<\/strong><br><strong>Dal 06 marzo al 01 luglio 2024<\/strong><\/p>\n\n\n\n<p>Il Mus\u00e9e de l&#8217;Orangerie dedica una mostra all&#8217;artista americano Robert Ryman (1930-2019). Troppo spesso equiparato al movimento minimalista americano, con il quale \u00e8 pi\u00f9 spesso in dialogo sulle pareti dei musei, l&#8217;approccio singolare di Ryman esige ora di essere visto per se stesso e da solo.<\/p>\n\n\n\n<p><a href=\"https:\/\/www.musee-orangerie.fr\/fr\/agenda\/expositions\/robert-ryman-le-regard-en-acte\">https:\/\/www.musee-orangerie.fr\/fr\/agenda\/expositions\/robert-ryman-le-regard-en-acte<\/a><\/p>\n\n\n\n<figure class=\"wp-block-image size-large\"><img loading=\"lazy\" decoding=\"async\" width=\"1024\" height=\"402\" src=\"https:\/\/if-epfcl-paris2024.champlacanienfrance.net\/wp-content\/uploads\/2023\/12\/Image-2-1024x402.png\" alt=\"\" class=\"wp-image-660\" srcset=\"https:\/\/if-epfcl-paris2024.champlacanienfrance.net\/wp-content\/uploads\/2023\/12\/Image-2-1024x402.png 1024w, https:\/\/if-epfcl-paris2024.champlacanienfrance.net\/wp-content\/uploads\/2023\/12\/Image-2-300x118.png 300w, https:\/\/if-epfcl-paris2024.champlacanienfrance.net\/wp-content\/uploads\/2023\/12\/Image-2-768x302.png 768w, https:\/\/if-epfcl-paris2024.champlacanienfrance.net\/wp-content\/uploads\/2023\/12\/Image-2.png 1039w\" sizes=\"auto, (max-width: 1024px) 100vw, 1024px\" \/><\/figure>\n\n\n\n<hr class=\"wp-block-separator has-alpha-channel-opacity\"\/>\n\n\n\n<p><strong>Mostra al Centre Pompidou<\/strong><br><strong>Brancusi<\/strong><br><strong>L&#8217;arte \u00e8 appena iniziata<\/strong><br><strong>27 marzo &#8211; 1\u00b0 luglio 2024<\/strong><\/p>\n\n\n\n<p>Una mostra eccezionale che rende omaggio al padre della scultura moderna e che offre un&#8217;opportunit\u00e0 unica di riesaminare l&#8217;arte di questo immenso artista del XX secolo sotto una nuova luce. Lo studio costituisce la matrice di questa retrospettiva, che riunisce gruppi di sculture inedite, grazie a prestiti importanti da parte di importanti musei internazionali..<\/p>\n\n\n\n<p><a href=\"https:\/\/www.centrepompidou.fr\/fr\/programme\/agenda\/evenement\/mb7ZAkc\">https:\/\/www.centrepompidou.fr\/fr\/programme\/agenda\/evenement\/mb7ZAkc<\/a><\/p>\n\n\n<div class=\"wp-block-image\">\n<figure class=\"aligncenter size-full\"><img loading=\"lazy\" decoding=\"async\" width=\"596\" height=\"468\" src=\"https:\/\/if-epfcl-paris2024.champlacanienfrance.net\/wp-content\/uploads\/2023\/12\/Image-3.png\" alt=\"\" class=\"wp-image-665\" srcset=\"https:\/\/if-epfcl-paris2024.champlacanienfrance.net\/wp-content\/uploads\/2023\/12\/Image-3.png 596w, https:\/\/if-epfcl-paris2024.champlacanienfrance.net\/wp-content\/uploads\/2023\/12\/Image-3-300x236.png 300w\" sizes=\"auto, (max-width: 596px) 100vw, 596px\" \/><\/figure>\n<\/div>\n\n\n<hr class=\"wp-block-separator has-alpha-channel-opacity\"\/>\n\n\n\n<p><strong>Mostra al Mus\u00e9e Quai Branly<\/strong><br><strong>Mexica<\/strong><br><strong>Doni e divinit\u00e0 al Templo Mayor<\/strong><\/p>\n\n\n\n<p>Il frutto delle ricerche condotte nel principale tempio della cultura messicana viene presentato per la prima volta in Europa. La mostra, organizzata in collaborazione con l&#8217;Istituto Nazionale di Antropologia e Storia (INAH) di Citt\u00e0 del Messico, solleva il velo su queste scoperte. Il loro studio rivela non solo una societ\u00e0 dinamica e predatoria, ma anche un&#8217;eccellenza artistica e un complesso pensiero simbolico e religioso..<\/p>\n\n\n\n<p><a href=\"https:\/\/www.quaibranly.fr\/fr\/expositions-evenements\/au-musee\/expositions\/details-de-levenement\/e\/mexica\">https:\/\/www.quaibranly.fr\/fr\/expositions-evenements\/au-musee\/expositions\/details-de-levenement\/e\/mexica<\/a><\/p>\n\n\n<div class=\"wp-block-image\">\n<figure class=\"aligncenter size-full\"><img loading=\"lazy\" decoding=\"async\" width=\"625\" height=\"468\" src=\"https:\/\/if-epfcl-paris2024.champlacanienfrance.net\/wp-content\/uploads\/2023\/12\/Image-4.png\" alt=\"\" class=\"wp-image-670\" srcset=\"https:\/\/if-epfcl-paris2024.champlacanienfrance.net\/wp-content\/uploads\/2023\/12\/Image-4.png 625w, https:\/\/if-epfcl-paris2024.champlacanienfrance.net\/wp-content\/uploads\/2023\/12\/Image-4-300x225.png 300w\" sizes=\"auto, (max-width: 625px) 100vw, 625px\" \/><\/figure>\n<\/div>\n\n\n<hr class=\"wp-block-separator has-alpha-channel-opacity\"\/>\n\n\n\n<p><strong>Museo della Marina<\/strong><\/p>\n\n\n\n<p>Si possono visitare i sontuosi appartamenti del XVIII secolo, completamente arredati e decorati, la superba collezione Al Thani, dove si possono ammirare capolavori provenienti da tutto il mondo, dall&#8217;antichit\u00e0 ai giorni nostri, le sale di stato, la loggia con la sua magnifica vista su Place de la Concorde e le mostre temporanee di alta qualit\u00e0.<a href=\"https:\/\/www.hotel-de-la-marine.paris\/\"><\/a><\/p>\n\n\n\n<p><a href=\"https:\/\/www.hotel-de-la-marine.paris\/\">https:\/\/www.hotel-de-la-marine.paris\/<\/a><\/p>\n\n\n<div class=\"wp-block-image\">\n<figure class=\"aligncenter size-full\"><img loading=\"lazy\" decoding=\"async\" width=\"577\" height=\"354\" src=\"https:\/\/if-epfcl-paris2024.champlacanienfrance.net\/wp-content\/uploads\/2023\/12\/Image-5.png\" alt=\"\" class=\"wp-image-675\" srcset=\"https:\/\/if-epfcl-paris2024.champlacanienfrance.net\/wp-content\/uploads\/2023\/12\/Image-5.png 577w, https:\/\/if-epfcl-paris2024.champlacanienfrance.net\/wp-content\/uploads\/2023\/12\/Image-5-300x184.png 300w\" sizes=\"auto, (max-width: 577px) 100vw, 577px\" \/><\/figure>\n<\/div>\n\n\n<p><\/p>\n\n\n<div class=\"wp-block-image\">\n<figure class=\"aligncenter size-full\"><img loading=\"lazy\" decoding=\"async\" width=\"525\" height=\"357\" src=\"https:\/\/if-epfcl-paris2024.champlacanienfrance.net\/wp-content\/uploads\/2023\/12\/Image-5b.png\" alt=\"\" class=\"wp-image-680\" srcset=\"https:\/\/if-epfcl-paris2024.champlacanienfrance.net\/wp-content\/uploads\/2023\/12\/Image-5b.png 525w, https:\/\/if-epfcl-paris2024.champlacanienfrance.net\/wp-content\/uploads\/2023\/12\/Image-5b-300x204.png 300w\" sizes=\"auto, (max-width: 525px) 100vw, 525px\" \/><\/figure>\n<\/div>\n\n\n<hr class=\"wp-block-separator has-alpha-channel-opacity\"\/>\n\n\n\n<p><strong>Laboratori culinari all&#8217;H\u00f4tel de la Marine<\/strong><\/p>\n\n\n\n<p>\u00c8 inoltre possibile partecipare a laboratori culinari che mettono in luce le competenze gastronomiche francesi. Una visita seguita da una dimostrazione di cucina da parte di uno chef. Entro l&#8217;estate 2024 dovrebbero essere proposte altre attivit\u00e0 culinarie: dimostrazioni, cucina pratica, degustazioni, corsi di vino e pasticceria, ecc.<\/p>\n\n\n\n<p><a href=\"https:\/\/www.hotel-de-la-marine.paris\/visiter\/visites-et-activites\">https:\/\/www.hotel-de-la-marine.paris\/visiter\/visites-et-activites<\/a><\/p>\n\n\n<div class=\"wp-block-image\">\n<figure class=\"aligncenter size-full\"><img loading=\"lazy\" decoding=\"async\" width=\"373\" height=\"473\" src=\"https:\/\/if-epfcl-paris2024.champlacanienfrance.net\/wp-content\/uploads\/2023\/12\/Image-6.png\" alt=\"\" class=\"wp-image-685\" srcset=\"https:\/\/if-epfcl-paris2024.champlacanienfrance.net\/wp-content\/uploads\/2023\/12\/Image-6.png 373w, https:\/\/if-epfcl-paris2024.champlacanienfrance.net\/wp-content\/uploads\/2023\/12\/Image-6-237x300.png 237w\" sizes=\"auto, (max-width: 373px) 100vw, 373px\" \/><\/figure>\n<\/div>\n\n\n<p><\/p>\n\n\n<div class=\"wp-block-image\">\n<figure class=\"aligncenter size-full\"><img loading=\"lazy\" decoding=\"async\" width=\"562\" height=\"418\" src=\"https:\/\/if-epfcl-paris2024.champlacanienfrance.net\/wp-content\/uploads\/2023\/12\/Image-6b.png\" alt=\"\" class=\"wp-image-690\" srcset=\"https:\/\/if-epfcl-paris2024.champlacanienfrance.net\/wp-content\/uploads\/2023\/12\/Image-6b.png 562w, https:\/\/if-epfcl-paris2024.champlacanienfrance.net\/wp-content\/uploads\/2023\/12\/Image-6b-300x223.png 300w\" sizes=\"auto, (max-width: 562px) 100vw, 562px\" \/><\/figure>\n<\/div>\n\n\n<hr class=\"wp-block-separator has-alpha-channel-opacity\"\/>\n\n\n\n<p><strong>Mostra al Palais de Tokyo<br>TOUCHER L\u2019INSENSE<\/strong><\/p>\n\n\n\n<p>La &#8221; <a href=\"https:\/\/palaisdetokyo.com\/glossaire\/psychotherapie-institutionnelle\/\">psicoterapia istituzionale<\/a> &#8221; \u00e8 una pratica psichiatrica iniziata a <sup>met\u00e0 del XX<\/sup> secolo, basata sulla premessa che per curare i pazienti, l&#8217;ospedale deve prima essere trattato. In altre parole, il disturbo mentale non deve mai essere isolato dal suo contesto sociale e istituzionale. Ispirata a questi rivoluzionari esperimenti psichiatrici e umani, che si basano sulla collettivit\u00e0 e sulla creazione artistica, questa mostra esamina i diversi modi di trasformare i luoghi di isolamento in luoghi di protezione, rifugi contro la violenza della societ\u00e0.<\/p>\n\n\n\n<p>La mostra presenta i film di Fran\u00e7ois Pain, che ha documentato la vita nella clinica La Borde, e le parole dei principali operatori della <a href=\"https:\/\/palaisdetokyo.com\/glossaire\/psychotherapie-institutionnelle\/\">psicoterapia istituzionale<\/a> (Fran\u00e7ois Tosquelles, Jean Oury, F\u00e9lix Guattari), e riunisce gli artisti, nonch\u00e9 gli assistenti e gli educatori, che hanno avviato pratiche artistiche collettive in diverse strutture legate alla salute mentale. Queste esperienze, passate e presenti, in Francia e altrove, mostrano come l&#8217;arte sia uno strumento di emancipazione, una forma attiva e critica di aggregazione e un&#8217;espressione di poesia vitale.<\/p>\n\n\n\n<p><a href=\"https:\/\/palaisdetokyo.com\/exposition\/toucher-linsense\">https:\/\/palaisdetokyo.com\/exposition\/toucher-linsense<\/a><\/p>\n\n\n<div class=\"wp-block-image\">\n<figure class=\"aligncenter size-full\"><img loading=\"lazy\" decoding=\"async\" width=\"856\" height=\"570\" src=\"https:\/\/if-epfcl-paris2024.champlacanienfrance.net\/wp-content\/uploads\/2024\/04\/image-2.png\" alt=\"\" class=\"wp-image-1229\" srcset=\"https:\/\/if-epfcl-paris2024.champlacanienfrance.net\/wp-content\/uploads\/2024\/04\/image-2.png 856w, https:\/\/if-epfcl-paris2024.champlacanienfrance.net\/wp-content\/uploads\/2024\/04\/image-2-300x200.png 300w, https:\/\/if-epfcl-paris2024.champlacanienfrance.net\/wp-content\/uploads\/2024\/04\/image-2-768x511.png 768w\" sizes=\"auto, (max-width: 856px) 100vw, 856px\" \/><\/figure>\n<\/div>","protected":false},"excerpt":{"rendered":"<p>Code AirFrance 40262AF &#8211; Journ\u00e9es internationales epfcl2024 (01\/05\/2024-05\/05\/2024) Contatto : Fr\u00e9d\u00e9rique Decoin&nbsp;frederiquedecoin@icloud.com Ufficio del Turismo di Parigi https:\/\/parisjetaime.com\/ https:\/\/www.timeout.fr\/paris &amp; https:\/\/www.sortiraparis.com\/actualites LACAN, LA MOSTRAQuando l&#8217;arte incontra la psicoanalisiMostra al Centre Pompidou-Metz31 dicembre 2023 &#8211; 27 maggio 2024 (chiuso il marted\u00ec) Il pensiero di Lacan rimane ancora oggi inesplorato nei musei, nonostante il suo rapporto con [&hellip;]<\/p>\n","protected":false},"author":2,"featured_media":0,"parent":0,"menu_order":0,"comment_status":"closed","ping_status":"closed","template":"","meta":{"footnotes":""},"class_list":["post-225","page","type-page","status-publish","hentry"],"_links":{"self":[{"href":"https:\/\/if-epfcl-paris2024.champlacanienfrance.net\/it\/wp-json\/wp\/v2\/pages\/225","targetHints":{"allow":["GET"]}}],"collection":[{"href":"https:\/\/if-epfcl-paris2024.champlacanienfrance.net\/it\/wp-json\/wp\/v2\/pages"}],"about":[{"href":"https:\/\/if-epfcl-paris2024.champlacanienfrance.net\/it\/wp-json\/wp\/v2\/types\/page"}],"author":[{"embeddable":true,"href":"https:\/\/if-epfcl-paris2024.champlacanienfrance.net\/it\/wp-json\/wp\/v2\/users\/2"}],"replies":[{"embeddable":true,"href":"https:\/\/if-epfcl-paris2024.champlacanienfrance.net\/it\/wp-json\/wp\/v2\/comments?post=225"}],"version-history":[{"count":8,"href":"https:\/\/if-epfcl-paris2024.champlacanienfrance.net\/it\/wp-json\/wp\/v2\/pages\/225\/revisions"}],"predecessor-version":[{"id":1234,"href":"https:\/\/if-epfcl-paris2024.champlacanienfrance.net\/it\/wp-json\/wp\/v2\/pages\/225\/revisions\/1234"}],"wp:attachment":[{"href":"https:\/\/if-epfcl-paris2024.champlacanienfrance.net\/it\/wp-json\/wp\/v2\/media?parent=225"}],"curies":[{"name":"wp","href":"https:\/\/api.w.org\/{rel}","templated":true}]}}