{"id":176,"date":"2023-04-18T12:35:27","date_gmt":"2023-04-18T10:35:27","guid":{"rendered":"https:\/\/if-epfcl-paris2024.champlacanienfrance.net\/?page_id=176"},"modified":"2024-01-11T19:33:16","modified_gmt":"2024-01-11T18:33:16","slug":"info","status":"publish","type":"page","link":"https:\/\/if-epfcl-paris2024.champlacanienfrance.net\/pt-br\/info\/","title":{"rendered":"Info"},"content":{"rendered":"\n<h2 class=\"wp-block-heading alignwide\"><strong>Transporte<\/strong><strong><\/strong><\/h2>\n\n\n\n<p>Link para o site da rede Ile-de-France<\/p>\n\n\n\n<p><a href=\"https:\/\/www.iledefrance-mobilites.fr\/\">https:\/\/www.iledefrance-mobilites.fr\/<\/a><br><a href=\"https:\/\/www.iledefrance-mobilites.fr\/en\">https:\/\/www.iledefrance-mobilites.fr\/en<\/a><\/p>\n\n\n\n<h3 class=\"wp-block-heading\">Observa\u00e7\u00e3o:<\/h3>\n\n\n\n<p>\u00c9 poss\u00edvel comprar bilhetes t+ em um passe Navigo Easy, compra no smartphone ou na bilheteria, livro de 10 bilhetes dispon\u00edveis.<\/p>\n\n\n\n<p>Tamb\u00e9m gostar\u00edamos de chamar sua aten\u00e7\u00e3o para o passe Forfait Navigo Semaine, que pode valer a pena dependendo do n\u00famero de viagens que voc\u00ea planeja fazer. Ele permite que voc\u00ea viaje por toda a Ile-de-France (zonas 1 a 5), todos os dias, v\u00e1lido em todos os meios de transporte (metr\u00f4, trem, RER, bonde expresso, bonde, \u00f4nibus, incluindo o Fil\u00e9o), com exce\u00e7\u00e3o de certos servi\u00e7os diretos do aeroporto (Orlyval, Bus Direct Paris-A\u00e9roport ex-Cars Air France, VEA Disney shuttles) e \u00f4nibus tur\u00edsticos (OpenTour, Cars Rouges). O passe \u00e9 v\u00e1lido por uma semana (de segunda a domingo). Por smartphone ou compra na bilheteria; nesse caso, ser\u00e1 necess\u00e1rio apresentar uma foto de passaporte.<\/p>\n","protected":false},"excerpt":{"rendered":"<p>Transporte Link para o site da rede Ile-de-France https:\/\/www.iledefrance-mobilites.fr\/https:\/\/www.iledefrance-mobilites.fr\/en Observa\u00e7\u00e3o: \u00c9 poss\u00edvel comprar bilhetes t+ em um passe Navigo Easy, compra no smartphone ou na bilheteria, livro de 10 bilhetes dispon\u00edveis. Tamb\u00e9m gostar\u00edamos de chamar sua aten\u00e7\u00e3o para o passe Forfait Navigo Semaine, que pode valer a pena dependendo do n\u00famero de viagens que voc\u00ea [&hellip;]<\/p>\n","protected":false},"author":2,"featured_media":0,"parent":0,"menu_order":0,"comment_status":"closed","ping_status":"closed","template":"","meta":{"footnotes":""},"class_list":["post-176","page","type-page","status-publish","hentry"],"_links":{"self":[{"href":"https:\/\/if-epfcl-paris2024.champlacanienfrance.net\/pt-br\/wp-json\/wp\/v2\/pages\/176","targetHints":{"allow":["GET"]}}],"collection":[{"href":"https:\/\/if-epfcl-paris2024.champlacanienfrance.net\/pt-br\/wp-json\/wp\/v2\/pages"}],"about":[{"href":"https:\/\/if-epfcl-paris2024.champlacanienfrance.net\/pt-br\/wp-json\/wp\/v2\/types\/page"}],"author":[{"embeddable":true,"href":"https:\/\/if-epfcl-paris2024.champlacanienfrance.net\/pt-br\/wp-json\/wp\/v2\/users\/2"}],"replies":[{"embeddable":true,"href":"https:\/\/if-epfcl-paris2024.champlacanienfrance.net\/pt-br\/wp-json\/wp\/v2\/comments?post=176"}],"version-history":[{"count":3,"href":"https:\/\/if-epfcl-paris2024.champlacanienfrance.net\/pt-br\/wp-json\/wp\/v2\/pages\/176\/revisions"}],"predecessor-version":[{"id":802,"href":"https:\/\/if-epfcl-paris2024.champlacanienfrance.net\/pt-br\/wp-json\/wp\/v2\/pages\/176\/revisions\/802"}],"wp:attachment":[{"href":"https:\/\/if-epfcl-paris2024.champlacanienfrance.net\/pt-br\/wp-json\/wp\/v2\/media?parent=176"}],"curies":[{"name":"wp","href":"https:\/\/api.w.org\/{rel}","templated":true}]}}