{"id":207,"date":"2023-04-18T12:29:46","date_gmt":"2023-04-18T10:29:46","guid":{"rendered":"https:\/\/if-epfcl-paris2024.champlacanienfrance.net\/?page_id=207"},"modified":"2024-04-03T07:28:36","modified_gmt":"2024-04-03T05:28:36","slug":"programa","status":"publish","type":"page","link":"https:\/\/if-epfcl-paris2024.champlacanienfrance.net\/pt-br\/programa\/","title":{"rendered":"PROGRAMA"},"content":{"rendered":"\n<div data-wp-interactive=\"core\/file\" class=\"wp-block-file alignwide\"><object data-wp-bind--hidden=\"!state.hasPdfPreview\" hidden class=\"wp-block-file__embed\" data=\"https:\/\/if-epfcl-paris2024.champlacanienfrance.net\/wp-content\/uploads\/2024\/04\/RVI_INT_PT_NUM.pdf\" type=\"application\/pdf\" style=\"width:100%;height:650px\" aria-label=\"Incorporado de RVI_INT_PT_NUM.\"><\/object><a id=\"wp-block-file--media-a2738c8a-3d57-482f-ad55-a76592046061\" href=\"https:\/\/if-epfcl-paris2024.champlacanienfrance.net\/wp-content\/uploads\/2024\/04\/RVI_INT_PT_NUM.pdf\">RVI_INT_PT_NUM<\/a><a href=\"https:\/\/if-epfcl-paris2024.champlacanienfrance.net\/wp-content\/uploads\/2024\/04\/RVI_INT_PT_NUM.pdf\" class=\"wp-block-file__button wp-element-button\" download aria-describedby=\"wp-block-file--media-a2738c8a-3d57-482f-ad55-a76592046061\">T\u00e9l\u00e9charger<\/a><\/div>\n\n\n\n<h2 class=\"wp-block-heading alignwide\">Apresenta\u00e7\u00e3o<\/h2>\n\n\n\n<p>A cada dois anos, em altern\u00e2ncia entre um ou outro lado do Atl\u00e2ntico, um Encontro internacional re\u00fane os membros da IF e da Escola ao redor de um tema fixado desde o Encontro anterior.<\/p>\n\n\n\n<p>Cada Encontro \u00e9 tamb\u00e9m ocasi\u00e3o para reunir os membros, durante um dia e meio, nas assembl\u00e9ias da IF e da Escola. Essas assembl\u00e9ias t\u00eam por voca\u00e7\u00e3o ajustar a orienta\u00e7\u00e3o e o funcionamento \u00e0 experi\u00eancia e \u00e0 evolu\u00e7\u00e3o das situa\u00e7\u00f5es.<\/p>\n\n\n\n<h2 class=\"wp-block-heading alignwide\">Calend\u00e1rio<\/h2>\n\n\n\n<h3 class=\"wp-block-heading\"><strong>1 de maio<\/strong><\/h3>\n\n\n\n<p><strong>PSICAN\u00c1LISE COM CRIAN\u00c7AS, PSICAN\u00c1LISE EM INSTITUI\u00c7\u00d5ES<\/strong><\/p>\n\n\n\n<p>Nenhuma dessas pr\u00e1ticas, e certamente n\u00e3o a psican\u00e1lise com crian\u00e7as em institui\u00e7\u00f5es, derroga a singularidade do Discurso Anal\u00edtico, mas todas elas t\u00eam suas pr\u00f3prias particularidades, que t\u00eam tanto a ver com o sistema quanto com uma rela\u00e7\u00e3o mais complexa com a transfer\u00eancia. Al\u00e9m disso, as situa\u00e7\u00f5es cl\u00ednicas encontradas s\u00e3o frequentemente incomuns, com muitos casos de psicose, autismo, depend\u00eancia e patologias familiares complicadas por patologias sociais. A experi\u00eancia cl\u00ednica dos colegas que trabalham com as redes REP, RIP, RHIPNA e REPSY pode lan\u00e7ar luz sobre as condi\u00e7\u00f5es \u00e9ticas dessas cl\u00ednicas espec\u00edficas, que s\u00e3o sustentadas pelo desejo resoluto dos cl\u00ednicos, particularmente daqueles que mant\u00eam a experi\u00eancia anal\u00edtica em locais que n\u00e3o a ap\u00f3iam, ou at\u00e9 mesmo lutam contra ela.<\/p>\n\n\n\n<p><strong>8:30 &gt; IN\u00cdCIO<\/strong><\/p>\n\n\n\n<p><strong>9:00-10:00 &gt; TABELA RHIPNA&nbsp;: A FOBIA&#8230; AINDA &#8211;<\/strong><br><strong>COORDENADOR&nbsp;: Stella Casanova<\/strong> (Panam\u00e1). Membro da RHIPNA<br><strong>RHIPNA- Barcelona<\/strong><br><strong>Pau Borrat<\/strong> (Espanha)&nbsp;: Aspirado no espelho<br><strong>RHIPNA &#8211; Zona Am\u00e9rica Latina do Norte<\/strong><br><strong>Mar\u00eda de los \u00c1ngeles G\u00f3mez Escudero<\/strong> (Porto Rico)&nbsp;: Jogos proibidos: algumas notas sobre o corpo e fobias ap\u00f3s a pandemia<br><strong>RHIPNA &#8211; Zona Am\u00e9rica Latina do Sul<\/strong><br><strong>Mar\u00eda Ver\u00f3nica Lobos<\/strong> (Argentina)&nbsp;: Tempestade de afeto: a fobia de uma crian\u00e7a<br><strong>RHIPNA &#8211; Madrid. Aula Abierta<\/strong><br><strong>Francisco Jos\u00e9 Santos Garrido<\/strong> (Espanha)&nbsp;: A ang\u00fastia e o fato de habitar a linguagem&#8221;<\/p>\n\n\n\n<p><strong>10:00-10:15 &gt; PAUSA<\/strong><\/p>\n\n\n\n<p><strong>10:15- 12:00 &gt; TABELA REP &#8211; RIP<\/strong><br><strong>MODERADORES<\/strong><br><strong>Martine Men\u00e8s<\/strong> (Fran\u00e7a) (coordenador REP)<br><strong>Jean-Pierre Drapier<\/strong> (Fran\u00e7a) ( coordenador RIP)<\/p>\n\n\n\n<p><strong>PRIMEIRA SEQU\u00caNCIA<\/strong><br><strong>Claire Duguet<\/strong> (Fran\u00e7a)&nbsp;: Uma oficina para autistas em uma institui\u00e7\u00e3o, que lugar para a psican\u00e1lise?<br><strong>Consuelo Pereira de Almeida<\/strong> (Brasil)&nbsp;: A psican\u00e1lise com crian\u00e7as e em institui\u00e7\u00f5es. Como fazer a ang\u00fastia falar quando seu objeto \u00e9 o pr\u00f3prio corpo?<br><strong>Giulio Artizzu<\/strong> (It\u00e1lia)&nbsp;: Transfer\u00eancias e institui\u00e7\u00f5es: para n\u00e3o recuar diante do desaparecimento da psicose.<\/p>\n\n\n\n<p><strong>SEGUNDA SEQU\u00caNCIA<\/strong><br><strong>Elisabeth L\u00e9turgie <\/strong>(Fran\u00e7a)&nbsp;: A ansiedade que (est\u00e1) escondida<br><strong>Laurence Martin <\/strong>(Fran\u00e7a)&nbsp;: Ansiedade de domingo \u00e0 noite<\/p>\n\n\n\n<h4 class=\"wp-block-heading\">13h30-16h30 : Simp\u00f3sio do passe <\/h4>\n\n\n\n<p>Participantes : os membros dos dois \u00faltimas CIG, os passadores que exerceram a fun\u00e7\u00e3o nesse per\u00edodo e os secretariados do passe correspondentes<\/p>\n\n\n\n<h4 class=\"wp-block-heading\">16h30-18h30 : Laborat\u00f3rio Internacional da Pol\u00edtica da Psican\u00e1lise (LIPP)<\/h4>\n\n\n\n<p><strong>Apresenta\u00e7\u00e3o<\/strong><br>As urg\u00eancias da \u00e9poca poderiam ser reduzidas a maior urg\u00eancia que temos hoje: a sobreviv\u00eancia da psican\u00e1lise. De uma forma ou de outra, todos os participantes do LIPP reunidos em Cart\u00e9is abordam essa quest\u00e3o em diferentes perspectivas.<\/p>\n\n\n\n<p>A tentativa de lidar com a pol\u00edtica de nossa Escola nos levou, por um lado, a revisitar as quest\u00f5es fundamentais que fazem parte da pol\u00edtica da psican\u00e1lise. A pol\u00edtica da psican\u00e1lise, que n\u00e3o deve ser confundida com a&nbsp;<em>realpolitik<\/em>,&nbsp;j\u00e1 que \u201co inconsciente \u00e9 a pol\u00edtica\u201d: a rela\u00e7\u00e3o \u00edntima entre cl\u00ednica e pol\u00edtica, a confus\u00e3o entre extens\u00e3o e expans\u00e3o, a pol\u00edtica do ato, a impossibilidade de transmiss\u00e3o da psican\u00e1lise etc.<\/p>\n\n\n\n<p>Por outro lado, tamb\u00e9m nos levou a pensar sobre o mal-estar em nossas institui\u00e7\u00f5es atuais, a fim de tentar situar se h\u00e1 fatores externos diferenciados em cada zona que influenciam esse mal-estar e nos concentrar na sua causa, na tentativa de localizar o discurso que foi estabelecido nessa ou naquela situa\u00e7\u00e3o. Com base na an\u00e1lise de alguns casos, optamos por interven\u00e7\u00f5es de diferentes maneiras.<\/p>\n\n\n\n<p>Por fim, \u00bfcomo as emerg\u00eancias de um tempo e um lugar afetam um F\u00f3rum e quais s\u00e3o as consequ\u00eancias para a Escola? Essas s\u00e3o algumas das perguntas de nossa Escola que ressoam com nossas perguntas sobre a subjetividade de nosso mundo contempor\u00e2neo.<\/p>\n\n\n\n<p><strong>Programa<\/strong><br>1. Apresenta\u00e7\u00e3o do LIPP e de sua m\u00eddia de difus\u00e3o. <strong>Stella Casanova<\/strong><br>2. \u201cA pol\u00edtica, os semblantes e os discursos: afetos e efeitos\u201d&nbsp;<strong>Devra Simiu<\/strong><br>3. A pol\u00edtica da psican\u00e1lise: uma pol\u00edtica de contracorrente? <strong>Clara Cecilia Mesa<\/strong><br>4. Psican\u00e1lise e saber.&nbsp;<strong>Maria Koukoumaki, Mohamed Kadari<\/strong><\/p>\n\n\n\n<h3 class=\"wp-block-heading\"><strong>2 do de maio<\/strong>\u00a0: Encontro international da Escola \u2013 \u00ab\u00a0Saber e ignorancia na passagem a analista\u00a0\u00bb<\/h3>\n\n\n\n<p class=\"has-text-align-right\"><em>Anfiteatro Lavoisier (Tradu\u00e7\u00e3o simult\u00e2nea Ingl\u00eas, espanhol, franc\u00eas, italiano, portugu\u00eas)<\/em><\/p>\n\n\n\n<p><strong>8:00-&gt;<\/strong><strong>INSCRI\u00c7\u00d5ES<\/strong><\/p>\n\n\n\n<p><strong>9:00 -&gt;<\/strong>&nbsp;<strong>ABERTURA<\/strong><br><strong>Carolina Zaffore<\/strong>&nbsp;(Argentina) e&nbsp;<strong>Dominique Fingermann<\/strong>&nbsp;(Fran\u00e7a)<br>Secretarias do Col\u00e9gio Internacional da Garantia&nbsp;<\/p>\n\n\n\n<p><strong>9:15 -10:45&nbsp;<\/strong><br><strong>Discuss\u00e3o:&nbsp;Martine Men\u00e8s<\/strong>&nbsp;(Fran\u00e7a)<br><strong>Elynes Barros<\/strong>&nbsp;AE (Brasil):&nbsp;O que se pode saber em uma an\u00e1lise?<br><strong>Rebeca Garcia&nbsp;<\/strong>(Espanha): O que ressoa de uma experi\u00eancia<br><strong>Nicolas Bendrihen<\/strong>&nbsp;(Fran\u00e7a):&nbsp;A cicatriz dos efeitos do acaso?<\/p>\n\n\n\n<p><strong>10:45-11:15<\/strong> : PAUSA CAF\u00c9<\/p>\n\n\n\n<p><strong>11:15-12:45<\/strong><br><strong>Discuss\u00e3o: Sandra Berta (<\/strong>Brasil)<br><strong>Constanza Lobos<\/strong>&nbsp;AE (Argentina):&nbsp;Querer um saber furado<br><strong>Anne Marie Combres<\/strong>&nbsp;(Fran\u00e7a): Ponto de passagem?<br><strong>Mikel Plazaola&nbsp;<\/strong>(Espanha<strong>)<\/strong>:&nbsp;Efeitos da passagem da ignor\u00e2ncia ao saber na experi\u00eancia do passe<\/p>\n\n\n\n<p><strong>12:45-14:15-&gt;<\/strong><strong>ALMO\u00c7O<\/strong><\/p>\n\n\n\n<p><strong>14:15-15:45&nbsp;<\/strong><br><strong>Discuss\u00e3o: Teresa Trias<\/strong>&nbsp;(Espanha)<br><strong>Dimitra Kolonia<\/strong>&nbsp;AE (Fran\u00e7a):&nbsp;Surpresas de fim<br><strong>Marie-Jos\u00e9 Latour<\/strong>&nbsp;(Fran\u00e7a): Trabalhar para o incerto<br><strong>Ana Laura Prates Pacheco<\/strong>&nbsp;(Brasil): Com a janela aberta para o passe<\/p>\n\n\n\n<p><strong>15:45-17:15<\/strong><br><strong>Discuss\u00e3o: Didier Castanet&nbsp;<\/strong>(Fran\u00e7a)<br><strong>Christelle Suc&nbsp;<\/strong>AE&nbsp;<strong>(<\/strong>Fran\u00e7a): Da elucubra\u00e7\u00e3o ao impensado: algo de novo?<br><strong>Armando Cote&nbsp;<\/strong>(Fran\u00e7a):&nbsp;Elogio do n\u00e3o saber e sua rela\u00e7\u00e3o com a verdade<br><strong>Carolina Zaffore&nbsp;<\/strong>(Argentina): O que h\u00e1 de did\u00e1tico na passagem a&nbsp;analista?<\/p>\n\n\n\n<p><strong>17:15 -17.45-&gt;PONTUA\u00c7\u00c3O<\/strong><br><strong>Anastasia Tzavidopoulou<\/strong>&nbsp;(Fran\u00e7a)<br><strong>Colette Soler<\/strong>&nbsp;(Fran\u00e7a)<\/p>\n\n\n\n<h3 class=\"wp-block-heading\"><strong>3 e 4 de maio<\/strong>&nbsp;: Encontro international \u2013 \u00ab&nbsp;A angustia, como faze-la falar ?&nbsp;\u00bb<\/h3>\n\n\n\n<div data-wp-interactive=\"core\/file\" class=\"wp-block-file\"><object data-wp-bind--hidden=\"!state.hasPdfPreview\" hidden class=\"wp-block-file__embed\" data=\"https:\/\/if-epfcl-paris2024.champlacanienfrance.net\/wp-content\/uploads\/2024\/02\/Programa-RVI24-Port.pdf\" type=\"application\/pdf\" style=\"width:100%;height:600px\" aria-label=\"Incorporado de Programa-RVI24-Port.\"><\/object><a id=\"wp-block-file--media-3446a7d9-a22a-43a1-a219-83c2684b869e\" href=\"https:\/\/if-epfcl-paris2024.champlacanienfrance.net\/wp-content\/uploads\/2024\/02\/Programa-RVI24-Port.pdf\">Programa-RVI24-Port<\/a><a href=\"https:\/\/if-epfcl-paris2024.champlacanienfrance.net\/wp-content\/uploads\/2024\/02\/Programa-RVI24-Port.pdf\" class=\"wp-block-file__button wp-element-button\" download aria-describedby=\"wp-block-file--media-3446a7d9-a22a-43a1-a219-83c2684b869e\">T\u00e9l\u00e9charger<\/a><\/div>\n\n\n\n<h3 class=\"wp-block-heading\"><strong>5 de maio<\/strong>&nbsp;: Assembleias gerais da IF e da Escola<\/h3>\n\n\n\n<p>8h : Accueil\/Assinatura<br>9h-13h : AG de l&#8217;IF (4h)&nbsp;<br>13h-14h30 : D\u00e9jeuner<br>14h30-17h30 : AG de l&#8217;Ecole<\/p>\n\n\n\n<hr class=\"wp-block-separator has-alpha-channel-opacity\"\/>\n\n\n\n<h2 class=\"wp-block-heading\"><strong>Comiss\u00f5es<\/strong><\/h2>\n\n\n\n<h3 class=\"wp-block-heading\"><em>Comiss\u00e3o cient\u00edfica<\/em><\/h3>\n\n\n\n<p>Patrick Barillot (Respons\u00e1vel do Encontro), Sandra Berta, Roser Casalprim Maresch, Nadine Cordova, Gabriel Lombardi, Diego Mautino, Beatriz Maya, Carmelo Scuderi, Marc Strauss, Anna Wojakowska-Skiba.<\/p>\n\n\n\n<h3 class=\"wp-block-heading\"><em>Comiss\u00e3o da <\/em><em>organiza<\/em><em>\u00e7\u00e3o<\/em><em><\/em><\/h3>\n\n\n\n<p>Cathy Barnier, Bernard Brunie, Aur\u00e9lie Caulier, Dominique Champroux, Nadine Cordova (Respons\u00e1vel da <em>organiza<\/em><em>\u00e7\u00e3o<\/em>), Fr\u00e9d\u00e9rique Decoin-Vargas, S\u00e9verine Derrey, Nathalie Dollez, Alexandre Faure, Patrica Gavilanes, Dimitra Giannaka, C\u00e9line Gu\u00e9gan-Casagrande, Carole Leymarie, Lucile Mons, Fernando Mart\u00ednez (Argentina), Tania Navarro, Krist\u00e8le Nonnet-Pavois, Claire Parada, Mich\u00e8le Paperman, Jose Alejandro P\u00e9rez Betancur, Christine Silbermann, Ir\u00e8ne Tu Ton, Anastasia Tzavidopoulou, Ang\u00e9lique Walter.<\/p>\n","protected":false},"excerpt":{"rendered":"<p>Apresenta\u00e7\u00e3o A cada dois anos, em altern\u00e2ncia entre um ou outro lado do Atl\u00e2ntico, um Encontro internacional re\u00fane os membros da IF e da Escola ao redor de um tema fixado desde o Encontro anterior. Cada Encontro \u00e9 tamb\u00e9m ocasi\u00e3o para reunir os membros, durante um dia e meio, nas assembl\u00e9ias da IF e da [&hellip;]<\/p>\n","protected":false},"author":2,"featured_media":0,"parent":0,"menu_order":0,"comment_status":"closed","ping_status":"closed","template":"","meta":{"footnotes":""},"class_list":["post-207","page","type-page","status-publish","hentry"],"_links":{"self":[{"href":"https:\/\/if-epfcl-paris2024.champlacanienfrance.net\/pt-br\/wp-json\/wp\/v2\/pages\/207","targetHints":{"allow":["GET"]}}],"collection":[{"href":"https:\/\/if-epfcl-paris2024.champlacanienfrance.net\/pt-br\/wp-json\/wp\/v2\/pages"}],"about":[{"href":"https:\/\/if-epfcl-paris2024.champlacanienfrance.net\/pt-br\/wp-json\/wp\/v2\/types\/page"}],"author":[{"embeddable":true,"href":"https:\/\/if-epfcl-paris2024.champlacanienfrance.net\/pt-br\/wp-json\/wp\/v2\/users\/2"}],"replies":[{"embeddable":true,"href":"https:\/\/if-epfcl-paris2024.champlacanienfrance.net\/pt-br\/wp-json\/wp\/v2\/comments?post=207"}],"version-history":[{"count":13,"href":"https:\/\/if-epfcl-paris2024.champlacanienfrance.net\/pt-br\/wp-json\/wp\/v2\/pages\/207\/revisions"}],"predecessor-version":[{"id":1185,"href":"https:\/\/if-epfcl-paris2024.champlacanienfrance.net\/pt-br\/wp-json\/wp\/v2\/pages\/207\/revisions\/1185"}],"wp:attachment":[{"href":"https:\/\/if-epfcl-paris2024.champlacanienfrance.net\/pt-br\/wp-json\/wp\/v2\/media?parent=207"}],"curies":[{"name":"wp","href":"https:\/\/api.w.org\/{rel}","templated":true}]}}