{"id":221,"date":"2023-04-18T12:33:17","date_gmt":"2023-04-18T10:33:17","guid":{"rendered":"https:\/\/if-epfcl-paris2024.champlacanienfrance.net\/?page_id=221"},"modified":"2024-01-12T15:36:55","modified_gmt":"2024-01-12T14:36:55","slug":"encontro-if","status":"publish","type":"page","link":"https:\/\/if-epfcl-paris2024.champlacanienfrance.net\/pt-br\/encontro-if\/","title":{"rendered":"Encontro da IF"},"content":{"rendered":"\n<h2 class=\"wp-block-heading alignwide\">XII Encontro da International dos F\u00f3runs do Campo Lacaniano \u00ab&nbsp;A ANG\u00daSTIA, COMO FAZE-LA FALAR?&nbsp;\u00bb<\/h2>\n\n\n\n<h2 class=\"wp-block-heading\"><strong>Argumento<\/strong><\/h2>\n\n\n\n<p>Hoje em dia, a ang\u00fastia est\u00e1 em todo lado, com nomes diversos. \u00c9 um afeto experienciado por todos os falantes, desde sempre. Lacan a colocava na categoria do \u00ab&nbsp;sentir&nbsp;\u00bb, que envolve importantes manifesta\u00e7\u00f5es corp\u00f3reas. Por que se esfor\u00e7ar para faz\u00ea-la falar em vez de faz\u00ea-la calar, como se procura fazer com o uso maci\u00e7o de ansiol\u00edticos e outros tranquilizantes?<\/p>\n\n\n\n<p>\u00c9 que supomos que ela tenha algo a dizer; por\u00e9m, ainda assim \u00e9 preciso encontrar uma maneira de faz\u00ea-la falar. Pois para o sujeito angustiado, este afeto \u00e9 uma certeza, mas no modo de uma indetermina\u00e7\u00e3o, um indiz\u00edvel acerca do que a produz. Faz\u00ea-la falar, claro, mas ainda \u00e9 preciso poder crer nela. Tratando-se disso, a cl\u00ednica anal\u00edtica nos ensinou que a ang\u00fastia \u00e9 o \u00fanico afeto que n\u00e3o engana, enquanto todo <em>sentido<\/em> mente (<em>senti<\/em>-mento \/ <em>senti ment<\/em>) sobre sua causa.&nbsp;<\/p>\n\n\n\n<p>No entanto, como pode a ang\u00fastia n\u00e3o enganar, posto que para o angustiado, que a experiencia, sua causa permanece enigm\u00e1tica? \u00c9 que, diferente dos outros sentimentos, que derivam metonimicamente com os significantes, ela permanece amarrada ao que a produz, ou seja, um real. Sua certeza cl\u00ednica nos assinala que ela n\u00e3o se refere ao significante enganoso, e sim a um real. Da\u00ed a import\u00e2ncia de faz\u00ea-la falar de modo a discernir o real que est\u00e1 em jogo para o sujeito que ela afeta. Lacan at\u00e9 fez dela, tardiamente, \u201co sintoma-tipo de qualquer advento Real<a href=\"#_ftn1\" id=\"_ftnref1\">[1]<\/a>\u201d. Cabe a n\u00f3s especificar suas diversas ocorr\u00eancia. Algumas orienta\u00e7\u00f5es, no entanto.<\/p>\n\n\n\n<p>Com esta f\u00f3rmula ele abrangia tudo o que teria dito anteriormente sobre ela, inclusive parte das teses de Freud. Concebendo-a no in\u00edcio como um efeito do recalque, resultado da priva\u00e7\u00e3o pulsional que envolve o recalque, Freud reverte sua tese em 1926 com <em>Inibi\u00e7\u00e3o, sintoma e ang\u00fastia<\/em> e seus Adendos. A ang\u00fastia passa a ser a causa do recalque, seu motor. Ao efeito de castra\u00e7\u00e3o acompanhado da ang\u00fastia da falta &#8211; ligado \u00e0s primeiras decep\u00e7\u00f5es da crian\u00e7a frente ao Outro parental que faz falta na resposta \u00e0s suas demandas &#8211; Freud expande a ang\u00fastia ao efeito do encontro traum\u00e1tico de toda neurose. Afeto de uma situa\u00e7\u00e3o de desamparo \u2013 <em>Hilflosigkeit <\/em>\u2013 que deixa a crian\u00e7a sem recursos no seu encontro real com a excita\u00e7\u00e3o pulsional que exige satisfa\u00e7\u00e3o, a ang\u00fastia e causa do recalque e do aparecimento dos sintomas. A ang\u00fastia desse primeiro trauma torna-se em seguida um sinal de alarme, advertindo sobre um perigo.&nbsp;<\/p>\n\n\n\n<p>No entanto, para Lacan, a ang\u00fastia revela mais do que Freud dizia sobre ela com respeito \u00e0 castra\u00e7\u00e3o, pois, al\u00e9m da falta, ela toca na quest\u00e3o do ser do sujeito. Insistindo sobre as conjunturas da ang\u00fastia, ele faz dela o afeto do enigma que diz respeito \u00e0 causa do desejo, seja do Outro ou do sujeito. Seu aparecimento resulta em cada vez que o sujeito se sente amea\u00e7ado de ser nada mais do que um obscuro objeto para o Outro. Esse vazio de significa\u00e7\u00e3o tamb\u00e9m se encontra quando o enigma diz respeito ao seu pr\u00f3prio desejo que o sujeito n\u00e3o controla, j\u00e1 que ele deseja como Outro.&nbsp;&nbsp;<\/p>\n\n\n\n<p>Aqui a ang\u00fastia torna-se \u00edndice do objeto <em>a<\/em>, nas rela\u00e7\u00f5es que o sujeito mant\u00e9m com o Outro nas vias do amor e do desejo.&nbsp; Foi a partir disso que Lacan disse que a ang\u00fastia n\u00e3o \u00e9 sem objeto. Enquanto Freud liga a ang\u00fastia com a amea\u00e7a de castra\u00e7\u00e3o e sua falta correlativa, Lacan inverte a tese elaborando uma nova estrutura da ang\u00fastia que surge quando a falta vem faltar. Efeito de estranhamento, o <em>Unheimlich<\/em> \u201c\u00e9 aquilo que aparece no lugar onde deveria estar o menos-phi<a href=\"#_ftn2\" id=\"_ftnref2\">[2]<\/a>\u201d da castra\u00e7\u00e3o.&nbsp;<\/p>\n\n\n\n<p>Antes de diagnosticar \u201ca ascens\u00e3o ao z\u00eanite social do objeto que chamo pequeno <em>a<a href=\"#_ftn3\" id=\"_ftnref3\"><strong>[3]<\/strong><\/a><\/em>\u201d como mais-de-gozo, com o desenvolvimento do discurso capitalista, ele concebe \u201cuma mudan\u00e7a na pr\u00f3pria amarra\u00e7\u00e3o da ang\u00fastia<a href=\"#_ftn4\" id=\"_ftnref4\">[4]<\/a>\u201d&nbsp;, que faz do sujeito uma pura clivagem. Hi\u00e2ncia subjetiva de um sujeito reduzido ao objeto na medida em que ele falta, subjetivamente destitu\u00eddo, onde sua falta de gozar \u00e9 preenchida pelos mais-de-gozo postos \u00e0 sua disposi\u00e7\u00e3o. E como consequ\u00eancia disso: o aumento do clamor social que exprime a afli\u00e7\u00e3o, o desamparo do <em>falasser<\/em>. A esse real do objeto <em>a<\/em>, que falta a se inscrever no Outro, real do simb\u00f3lico, Lacan vai estender as conjunturas da ang\u00fastia al\u00e9m do objeto, ao real fora do simb\u00f3lico; \u00e9 o que diz sua defini\u00e7\u00e3o da ang\u00fastia como \u201co sintoma-tipo de qualquer advento Real\u201d.&nbsp;<\/p>\n\n\n\n<p>Meio s\u00e9culo depois, vamos questionar-nos sobre a evolu\u00e7\u00e3o das formas de amarra\u00e7\u00e3o da ang\u00fastia de acordo com os discursos e o real fora do simb\u00f3lico. A eco-ansiedade e o decl\u00ednio da natalidade em todas as sociedades industrializadas, n\u00e3o seriam marcadores disso? Isso nos assinala que a ang\u00fastia \u00e9 sens\u00edvel aos discursos, e a cl\u00ednica nos ensina que a psican\u00e1lise alivia o sujeito dela. Mas de que modo procede o discurso anal\u00edtico? Com certeza, n\u00e3o da maneira promovida por psicoterapias pela gest\u00e3o das emo\u00e7\u00f5es, outro nome dos afetos. A ang\u00fastia \u00e9 indom\u00e1vel, n\u00e3o \u00e9 poss\u00edvel ordenar-lhe dormir.&nbsp;<\/p>\n\n\n\n<p>Cabe a n\u00f3s especificar o que do inconsciente, da linguagem e dos discursos determina a ang\u00fastia, se quisermos poder trat\u00e1-la na cura, e em seguida dizer como opera o discurso anal\u00edtico.&nbsp;<\/p>\n\n\n\n<p class=\"has-text-align-right\"><strong>Patrick BARILLOT<br><\/strong><em>Mai 2023<\/em><\/p>\n\n\n\n<h2 class=\"wp-block-heading\"><strong>Subtemas<\/strong><\/h2>\n\n\n\n<p><strong>Como faz\u00ea-la falar?&nbsp;<\/strong><\/p>\n\n\n\n<ul class=\"wp-block-list\">\n<li>Segundo suas amarra\u00e7\u00f5es contempor\u00e2neas<\/li>\n\n\n\n<li>Na crian\u00e7a e no adolescente<\/li>\n\n\n\n<li>Segundo os sexos<\/li>\n<\/ul>\n\n\n\n<p><strong>O tratamento da ang\u00fastia segundo os tipos cl\u00ednicos<\/strong><br><strong>A psican\u00e1lise e os tempos da ang\u00fastia<\/strong><br><strong>A ang\u00fastia fecunda<\/strong><\/p>\n\n\n\n<hr class=\"wp-block-separator has-alpha-channel-opacity\"\/>\n\n\n\n<p><a id=\"_ftn1\" href=\"#_ftnref1\">[1]<\/a> Lacan, J. (1975) <em>A terceira<\/em>. In: Textos complementares ao Semin\u00e1rio 22 \u2013 RSI (1974-1975). S\u00e3o Paulo: Edi\u00e7\u00e3o n\u00e3o comercial destinada aos membros da EPFCL-Brasil, p. 51.<br><a id=\"_ftn2\" href=\"#_ftnref2\">[2]<\/a> Lacan, J. (1963) <em>O Semin\u00e1rio, Livro X, A ang\u00fastia. <\/em>Rio de Janeiro: Zahar Ed., 2005, p. 51.<br><a id=\"_ftn3\" href=\"#_ftnref3\">[3]<\/a> Lacan, J. (1970). Radiofonia. In: <em>Outros escritos. <\/em>Rio de Janeiro: Jorge Zahar Ed., 2003, p. 411.<br><a id=\"_ftn4\" href=\"#_ftnref4\">[4]<\/a> Lacan, J. (1969) O ato psicanal\u00edtico. Resumo do Semin\u00e1rio de 1967-1968. In: <em>Outros escritos<\/em>. Rio de Janeiro: Jorge Zahar Ed. 2003, p. 378.<\/p>\n\n\n\n<hr class=\"wp-block-separator has-alpha-channel-opacity\"\/>\n\n\n\n<h2 class=\"wp-block-heading\"><strong>ATIVIDADES PREPARATORIAS<\/strong><\/h2>\n\n\n\n<figure class=\"wp-block-image size-large\"><img loading=\"lazy\" decoding=\"async\" width=\"1024\" height=\"1024\" src=\"https:\/\/if-epfcl-paris2024.champlacanienfrance.net\/wp-content\/uploads\/2024\/01\/Imagem-do-WhatsApp-de-2024-01-08-as-09.46.45_78c4dd8b-1024x1024.jpg\" alt=\"\" class=\"wp-image-783\" srcset=\"https:\/\/if-epfcl-paris2024.champlacanienfrance.net\/wp-content\/uploads\/2024\/01\/Imagem-do-WhatsApp-de-2024-01-08-as-09.46.45_78c4dd8b-1024x1024.jpg 1024w, https:\/\/if-epfcl-paris2024.champlacanienfrance.net\/wp-content\/uploads\/2024\/01\/Imagem-do-WhatsApp-de-2024-01-08-as-09.46.45_78c4dd8b-300x300.jpg 300w, https:\/\/if-epfcl-paris2024.champlacanienfrance.net\/wp-content\/uploads\/2024\/01\/Imagem-do-WhatsApp-de-2024-01-08-as-09.46.45_78c4dd8b-150x150.jpg 150w, https:\/\/if-epfcl-paris2024.champlacanienfrance.net\/wp-content\/uploads\/2024\/01\/Imagem-do-WhatsApp-de-2024-01-08-as-09.46.45_78c4dd8b-768x768.jpg 768w, https:\/\/if-epfcl-paris2024.champlacanienfrance.net\/wp-content\/uploads\/2024\/01\/Imagem-do-WhatsApp-de-2024-01-08-as-09.46.45_78c4dd8b.jpg 1057w\" sizes=\"auto, (max-width: 1024px) 100vw, 1024px\" \/><\/figure>\n\n\n\n<figure class=\"wp-block-image size-large\"><img loading=\"lazy\" decoding=\"async\" width=\"1024\" height=\"1024\" src=\"https:\/\/if-epfcl-paris2024.champlacanienfrance.net\/wp-content\/uploads\/2024\/01\/Imagem-do-WhatsApp-de-2024-01-08-as-09.46.45_de136438-1024x1024.jpg\" alt=\"\" class=\"wp-image-788\" srcset=\"https:\/\/if-epfcl-paris2024.champlacanienfrance.net\/wp-content\/uploads\/2024\/01\/Imagem-do-WhatsApp-de-2024-01-08-as-09.46.45_de136438-1024x1024.jpg 1024w, https:\/\/if-epfcl-paris2024.champlacanienfrance.net\/wp-content\/uploads\/2024\/01\/Imagem-do-WhatsApp-de-2024-01-08-as-09.46.45_de136438-300x300.jpg 300w, https:\/\/if-epfcl-paris2024.champlacanienfrance.net\/wp-content\/uploads\/2024\/01\/Imagem-do-WhatsApp-de-2024-01-08-as-09.46.45_de136438-150x150.jpg 150w, https:\/\/if-epfcl-paris2024.champlacanienfrance.net\/wp-content\/uploads\/2024\/01\/Imagem-do-WhatsApp-de-2024-01-08-as-09.46.45_de136438-768x768.jpg 768w, https:\/\/if-epfcl-paris2024.champlacanienfrance.net\/wp-content\/uploads\/2024\/01\/Imagem-do-WhatsApp-de-2024-01-08-as-09.46.45_de136438.jpg 1080w\" sizes=\"auto, (max-width: 1024px) 100vw, 1024px\" \/><\/figure>\n\n\n\n<hr class=\"wp-block-separator has-alpha-channel-opacity\"\/>\n\n\n\n<h2 class=\"wp-block-heading\"><strong>Documentos para baixar<\/strong><\/h2>\n\n\n\n<div class=\"wp-block-file\"><a id=\"wp-block-file--media-6f17c91c-e9c6-468d-98df-c92c7aed95ed\" href=\"https:\/\/if-epfcl-paris2024.champlacanienfrance.net\/wp-content\/uploads\/2023\/09\/Encontro-24_ARGUM_port-web-def.pdf\">ARGUM RVI pt<\/a><a href=\"https:\/\/if-epfcl-paris2024.champlacanienfrance.net\/wp-content\/uploads\/2023\/09\/Encontro-24_ARGUM_port-web-def.pdf\" class=\"wp-block-file__button wp-element-button\" download aria-describedby=\"wp-block-file--media-6f17c91c-e9c6-468d-98df-c92c7aed95ed\">T\u00e9l\u00e9charger<\/a><\/div>\n\n\n\n<p> <\/p>\n\n\n\n<div class=\"wp-block-file\"><a id=\"wp-block-file--media-dd9021fc-30cd-4ed7-81f9-bde71e073f62\" href=\"https:\/\/if-epfcl-paris2024.champlacanienfrance.net\/wp-content\/uploads\/2023\/09\/PORTUGESE-A4-scaled.jpg\">Poster RVI pt<\/a><a href=\"https:\/\/if-epfcl-paris2024.champlacanienfrance.net\/wp-content\/uploads\/2023\/09\/PORTUGESE-A4-scaled.jpg\" class=\"wp-block-file__button wp-element-button\" download aria-describedby=\"wp-block-file--media-dd9021fc-30cd-4ed7-81f9-bde71e073f62\">T\u00e9l\u00e9charger<\/a><\/div>\n","protected":false},"excerpt":{"rendered":"<p>XII Encontro da International dos F\u00f3runs do Campo Lacaniano \u00ab&nbsp;A ANG\u00daSTIA, COMO FAZE-LA FALAR?&nbsp;\u00bb Argumento Hoje em dia, a ang\u00fastia est\u00e1 em todo lado, com nomes diversos. \u00c9 um afeto experienciado por todos os falantes, desde sempre. Lacan a colocava na categoria do \u00ab&nbsp;sentir&nbsp;\u00bb, que envolve importantes manifesta\u00e7\u00f5es corp\u00f3reas. Por que se esfor\u00e7ar para faz\u00ea-la [&hellip;]<\/p>\n","protected":false},"author":2,"featured_media":0,"parent":0,"menu_order":0,"comment_status":"closed","ping_status":"closed","template":"","meta":{"footnotes":""},"class_list":["post-221","page","type-page","status-publish","hentry"],"_links":{"self":[{"href":"https:\/\/if-epfcl-paris2024.champlacanienfrance.net\/pt-br\/wp-json\/wp\/v2\/pages\/221","targetHints":{"allow":["GET"]}}],"collection":[{"href":"https:\/\/if-epfcl-paris2024.champlacanienfrance.net\/pt-br\/wp-json\/wp\/v2\/pages"}],"about":[{"href":"https:\/\/if-epfcl-paris2024.champlacanienfrance.net\/pt-br\/wp-json\/wp\/v2\/types\/page"}],"author":[{"embeddable":true,"href":"https:\/\/if-epfcl-paris2024.champlacanienfrance.net\/pt-br\/wp-json\/wp\/v2\/users\/2"}],"replies":[{"embeddable":true,"href":"https:\/\/if-epfcl-paris2024.champlacanienfrance.net\/pt-br\/wp-json\/wp\/v2\/comments?post=221"}],"version-history":[{"count":7,"href":"https:\/\/if-epfcl-paris2024.champlacanienfrance.net\/pt-br\/wp-json\/wp\/v2\/pages\/221\/revisions"}],"predecessor-version":[{"id":815,"href":"https:\/\/if-epfcl-paris2024.champlacanienfrance.net\/pt-br\/wp-json\/wp\/v2\/pages\/221\/revisions\/815"}],"wp:attachment":[{"href":"https:\/\/if-epfcl-paris2024.champlacanienfrance.net\/pt-br\/wp-json\/wp\/v2\/media?parent=221"}],"curies":[{"name":"wp","href":"https:\/\/api.w.org\/{rel}","templated":true}]}}