{"id":227,"date":"2023-04-18T12:38:31","date_gmt":"2023-04-18T10:38:31","guid":{"rendered":"https:\/\/if-epfcl-paris2024.champlacanienfrance.net\/?page_id=227"},"modified":"2024-04-22T14:41:22","modified_gmt":"2024-04-22T12:41:22","slug":"turismo","status":"publish","type":"page","link":"https:\/\/if-epfcl-paris2024.champlacanienfrance.net\/pt-br\/turismo\/","title":{"rendered":"Turismo"},"content":{"rendered":"\n<h2 class=\"wp-block-heading alignwide\">Code AirFrance<\/h2>\n\n\n\n<p>40262AF &#8211; Journ\u00e9es internationales epfcl2024 (01\/05\/2024-05\/05\/2024)<\/p>\n\n\n\n<p>Contato : <strong>Fr\u00e9d\u00e9rique Decoin<\/strong>&nbsp;<a rel=\"noreferrer noopener\" href=\"mailto:frederiquedecoin@icloud.com\" target=\"_blank\">frederiquedecoin@icloud.com<\/a><\/p>\n\n\n\n<h2 class=\"wp-block-heading alignwide\">Escrit\u00f3rio de Turismo de Paris<\/h2>\n\n\n\n<p><a href=\"https:\/\/parisjetaime.com\/\">https:\/\/parisjetaime.com\/<\/a><\/p>\n\n\n\n<p><a href=\"https:\/\/www.timeout.fr\/paris\">https:\/\/www.timeout.fr\/paris<\/a> &amp; <a href=\"https:\/\/www.sortiraparis.com\/actualites\" target=\"_blank\" rel=\"noreferrer noopener\">https:\/\/www.sortiraparis.com\/actualites<\/a><\/p>\n\n\n\n<hr class=\"wp-block-separator has-alpha-channel-opacity\"\/>\n\n\n\n<p><strong>LACAN, A EXPOSI\u00c7\u00c3O<\/strong><br><strong>Quando a arte encontra a psican\u00e1lise<\/strong><br>Exposi\u00e7\u00e3o no Centre Pompidou-Metz<br>31 de dezembro de 2023 &#8211; 27 de maio de 2024 (fechada \u00e0s ter\u00e7as-feiras)<\/p>\n\n\n\n<p>O pensamento de Lacan permanece inexplorado nos museus at\u00e9 hoje, apesar do fato de ele ter tido uma rela\u00e7\u00e3o muito pr\u00f3xima com obras de arte. Lacan estava intimamente envolvido com a arte e os artistas do s\u00e9culo XX (Salvador Dal\u00ed, Andr\u00e9 Masson, Georges Bataille, Pablo Picasso e Dora Maar) e nunca deixou de usar a arte de todos os per\u00edodos em seu ensino. Mais de 40 anos ap\u00f3s a morte do psicanalista, a exposi\u00e7\u00e3o no Centre Pompidou-Metz explorar\u00e1 a rela\u00e7\u00e3o especial de Lacan com a arte, reunindo as obras que ele mesmo indexou, os artistas que lhe prestaram homenagem e as obras modernas e contempor\u00e2neas que ecoam as principais articula\u00e7\u00f5es conceituais de seu pensamento.<\/p>\n\n\n\n<p><a href=\"https:\/\/www.centrepompidou-metz.fr\/fr\/programmation\/exposition\/lacan-lexposition\">https:\/\/www.centrepompidou-metz.fr\/fr\/programmation\/exposition\/lacan-lexposition<\/a><\/p>\n\n\n\n<p>Acess\u00edvel por trem da Gare de Paris-Est, com dura\u00e7\u00e3o de 1h30 de viagem direta. O Centre Pompidou Metz fica a 10 minutos de caminhada da esta\u00e7\u00e3o.<\/p>\n\n\n<div class=\"wp-block-image\">\n<figure class=\"aligncenter size-full\"><img loading=\"lazy\" decoding=\"async\" width=\"315\" height=\"472\" src=\"https:\/\/if-epfcl-paris2024.champlacanienfrance.net\/wp-content\/uploads\/2024\/01\/image-3.png\" alt=\"\" class=\"wp-image-762\" srcset=\"https:\/\/if-epfcl-paris2024.champlacanienfrance.net\/wp-content\/uploads\/2024\/01\/image-3.png 315w, https:\/\/if-epfcl-paris2024.champlacanienfrance.net\/wp-content\/uploads\/2024\/01\/image-3-200x300.png 200w\" sizes=\"auto, (max-width: 315px) 100vw, 315px\" \/><\/figure>\n<\/div>\n\n\n<hr class=\"wp-block-separator has-alpha-channel-opacity\"\/>\n\n\n\n<p><strong>Exposi\u00e7\u00e3o no Museu Orsay<\/strong><br><strong>Paris 1874<\/strong><br><strong>Inventando o Impressionismo<\/strong><br><strong>De 26 de mar\u00e7o a 14 de julho de 2024<\/strong><\/p>\n\n\n\n<p>H\u00e1 150 anos, em 15 de abril de 1874, foi inaugurada em Paris a primeira exposi\u00e7\u00e3o impressionista. &#8220;Para comemorar esse anivers\u00e1rio, o Mus\u00e9e d&#8217;Orsay est\u00e1 apresentando cerca de 130 obras, lan\u00e7ando um novo olhar sobre essa data importante, considerada o pontap\u00e9 inicial da vanguarda.<\/p>\n\n\n\n<p><a href=\"https:\/\/www.musee-orsay.fr\/fr\/agenda\/expositions\/paris-1874-inventer-limpressionnisme\">https:\/\/www.musee-orsay.fr\/fr\/agenda\/expositions\/paris-1874-inventer-limpressionnisme<\/a><\/p>\n\n\n\n<figure class=\"wp-block-image size-large\"><img loading=\"lazy\" decoding=\"async\" width=\"1024\" height=\"401\" src=\"https:\/\/if-epfcl-paris2024.champlacanienfrance.net\/wp-content\/uploads\/2023\/12\/Image-1-1024x401.png\" alt=\"\" class=\"wp-image-656\" srcset=\"https:\/\/if-epfcl-paris2024.champlacanienfrance.net\/wp-content\/uploads\/2023\/12\/Image-1-1024x401.png 1024w, https:\/\/if-epfcl-paris2024.champlacanienfrance.net\/wp-content\/uploads\/2023\/12\/Image-1-300x117.png 300w, https:\/\/if-epfcl-paris2024.champlacanienfrance.net\/wp-content\/uploads\/2023\/12\/Image-1-768x301.png 768w, https:\/\/if-epfcl-paris2024.champlacanienfrance.net\/wp-content\/uploads\/2023\/12\/Image-1.png 1037w\" sizes=\"auto, (max-width: 1024px) 100vw, 1024px\" \/><\/figure>\n\n\n\n<hr class=\"wp-block-separator has-alpha-channel-opacity\"\/>\n\n\n\n<p><strong>Exposi\u00e7\u00e3o no Mus\u00e9e L&#8217;Orangerie<\/strong><br><strong>Robert Ryman. O olhar em a\u00e7\u00e3o<\/strong><br><strong>De 06 de mar\u00e7o a 01 de julho de 2024<\/strong><\/p>\n\n\n\n<p>O Mus\u00e9e de l&#8217;Orangerie est\u00e1 dedicando uma exposi\u00e7\u00e3o ao artista americano Robert Ryman (1930-2019). Frequentemente equiparado ao movimento minimalista americano, com o qual dialoga com mais frequ\u00eancia nas paredes dos museus, a abordagem singular de Ryman agora exige ser vista por si mesma e por si mesma.<\/p>\n\n\n\n<p><a href=\"https:\/\/www.musee-orangerie.fr\/fr\/agenda\/expositions\/robert-ryman-le-regard-en-acte\">https:\/\/www.musee-orangerie.fr\/fr\/agenda\/expositions\/robert-ryman-le-regard-en-acte<\/a><\/p>\n\n\n\n<figure class=\"wp-block-image size-large\"><img loading=\"lazy\" decoding=\"async\" width=\"1024\" height=\"402\" src=\"https:\/\/if-epfcl-paris2024.champlacanienfrance.net\/wp-content\/uploads\/2023\/12\/Image-2-1024x402.png\" alt=\"\" class=\"wp-image-661\" srcset=\"https:\/\/if-epfcl-paris2024.champlacanienfrance.net\/wp-content\/uploads\/2023\/12\/Image-2-1024x402.png 1024w, https:\/\/if-epfcl-paris2024.champlacanienfrance.net\/wp-content\/uploads\/2023\/12\/Image-2-300x118.png 300w, https:\/\/if-epfcl-paris2024.champlacanienfrance.net\/wp-content\/uploads\/2023\/12\/Image-2-768x302.png 768w, https:\/\/if-epfcl-paris2024.champlacanienfrance.net\/wp-content\/uploads\/2023\/12\/Image-2.png 1039w\" sizes=\"auto, (max-width: 1024px) 100vw, 1024px\" \/><\/figure>\n\n\n\n<hr class=\"wp-block-separator has-alpha-channel-opacity\"\/>\n\n\n\n<p><strong>Exposi\u00e7\u00e3o no Centre Pompidou<\/strong><br><strong>Brancusi<\/strong><br><strong>A arte est\u00e1 apenas come\u00e7ando<\/strong><br><strong>27 de mar\u00e7o a 1\u00ba de julho de 2024<\/strong><\/p>\n\n\n\n<p>Uma exposi\u00e7\u00e3o excepcional em homenagem ao pai da escultura moderna, esta exposi\u00e7\u00e3o oferece uma oportunidade \u00fanica de reexaminar a arte desse imenso artista do s\u00e9culo XX sob uma nova luz. O est\u00fadio forma a matriz desta retrospectiva, que re\u00fane grupos de esculturas in\u00e9ditas, gra\u00e7as a grandes empr\u00e9stimos dos principais museus internacionais.<\/p>\n\n\n\n<p><a href=\"https:\/\/www.centrepompidou.fr\/fr\/programme\/agenda\/evenement\/mb7ZAkc\">https:\/\/www.centrepompidou.fr\/fr\/programme\/agenda\/evenement\/mb7ZAkc<\/a><\/p>\n\n\n<div class=\"wp-block-image\">\n<figure class=\"aligncenter size-full\"><img loading=\"lazy\" decoding=\"async\" width=\"596\" height=\"468\" src=\"https:\/\/if-epfcl-paris2024.champlacanienfrance.net\/wp-content\/uploads\/2023\/12\/Image-3.png\" alt=\"\" class=\"wp-image-666\" srcset=\"https:\/\/if-epfcl-paris2024.champlacanienfrance.net\/wp-content\/uploads\/2023\/12\/Image-3.png 596w, https:\/\/if-epfcl-paris2024.champlacanienfrance.net\/wp-content\/uploads\/2023\/12\/Image-3-300x236.png 300w\" sizes=\"auto, (max-width: 596px) 100vw, 596px\" \/><\/figure>\n<\/div>\n\n\n<hr class=\"wp-block-separator has-alpha-channel-opacity\"\/>\n\n\n\n<p><strong>Exposi\u00e7\u00e3o no Museu Quai Branly<\/strong><br><strong>Mexica<\/strong><br><strong>Presentes e deuses no Templo Mayor<\/strong><\/p>\n\n\n\n<p>O fruto da pesquisa realizada no principal templo da cultura mexicana est\u00e1 sendo apresentado pela primeira vez na Europa. A exposi\u00e7\u00e3o, organizada em associa\u00e7\u00e3o com o Instituto Nacional de Antropologia e Hist\u00f3ria (INAH) da Cidade do M\u00e9xico, levanta o v\u00e9u sobre essas descobertas. Seu estudo revela n\u00e3o apenas uma sociedade din\u00e2mica e predat\u00f3ria, mas tamb\u00e9m excel\u00eancia art\u00edstica e um complexo pensamento simb\u00f3lico e religioso.<\/p>\n\n\n\n<p><a href=\"https:\/\/www.quaibranly.fr\/fr\/expositions-evenements\/au-musee\/expositions\/details-de-levenement\/e\/mexica\">https:\/\/www.quaibranly.fr\/fr\/expositions-evenements\/au-musee\/expositions\/details-de-levenement\/e\/mexica<\/a><\/p>\n\n\n<div class=\"wp-block-image\">\n<figure class=\"aligncenter size-full\"><img loading=\"lazy\" decoding=\"async\" width=\"625\" height=\"468\" src=\"https:\/\/if-epfcl-paris2024.champlacanienfrance.net\/wp-content\/uploads\/2023\/12\/Image-4.png\" alt=\"\" class=\"wp-image-671\" srcset=\"https:\/\/if-epfcl-paris2024.champlacanienfrance.net\/wp-content\/uploads\/2023\/12\/Image-4.png 625w, https:\/\/if-epfcl-paris2024.champlacanienfrance.net\/wp-content\/uploads\/2023\/12\/Image-4-300x225.png 300w\" sizes=\"auto, (max-width: 625px) 100vw, 625px\" \/><\/figure>\n<\/div>\n\n\n<hr class=\"wp-block-separator has-alpha-channel-opacity\"\/>\n\n\n\n<p><strong>Museu H\u00f4tel de la Marine<\/strong><\/p>\n\n\n\n<p>Voc\u00ea pode visitar os suntuosos apartamentos do s\u00e9culo XVIII, que s\u00e3o totalmente mobiliados e decorados, a magn\u00edfica cole\u00e7\u00e3o Al Thani, onde voc\u00ea pode se maravilhar com obras-primas de todo o mundo, desde a Antiguidade at\u00e9 os dias atuais, as salas de estado, a loggia com sua magn\u00edfica vista da Place de la Concorde e as exposi\u00e7\u00f5es tempor\u00e1rias de alta qualidade.<\/p>\n\n\n\n<p><a href=\"https:\/\/www.hotel-de-la-marine.paris\/\">https:\/\/www.hotel-de-la-marine.paris\/<\/a><\/p>\n\n\n<div class=\"wp-block-image\">\n<figure class=\"aligncenter size-full\"><img loading=\"lazy\" decoding=\"async\" width=\"577\" height=\"354\" src=\"https:\/\/if-epfcl-paris2024.champlacanienfrance.net\/wp-content\/uploads\/2023\/12\/Image-5.png\" alt=\"\" class=\"wp-image-676\" srcset=\"https:\/\/if-epfcl-paris2024.champlacanienfrance.net\/wp-content\/uploads\/2023\/12\/Image-5.png 577w, https:\/\/if-epfcl-paris2024.champlacanienfrance.net\/wp-content\/uploads\/2023\/12\/Image-5-300x184.png 300w\" sizes=\"auto, (max-width: 577px) 100vw, 577px\" \/><\/figure>\n<\/div>\n\n\n<p><\/p>\n\n\n<div class=\"wp-block-image\">\n<figure class=\"aligncenter size-full\"><img loading=\"lazy\" decoding=\"async\" width=\"525\" height=\"357\" src=\"https:\/\/if-epfcl-paris2024.champlacanienfrance.net\/wp-content\/uploads\/2023\/12\/Image-5b.png\" alt=\"\" class=\"wp-image-681\" srcset=\"https:\/\/if-epfcl-paris2024.champlacanienfrance.net\/wp-content\/uploads\/2023\/12\/Image-5b.png 525w, https:\/\/if-epfcl-paris2024.champlacanienfrance.net\/wp-content\/uploads\/2023\/12\/Image-5b-300x204.png 300w\" sizes=\"auto, (max-width: 525px) 100vw, 525px\" \/><\/figure>\n<\/div>\n\n\n<hr class=\"wp-block-separator has-alpha-channel-opacity\"\/>\n\n\n\n<p><strong>Workshops de culin\u00e1ria no H\u00f4tel de la Marine<\/strong><\/p>\n\n\n\n<p>Voc\u00ea pode participar de oficinas de culin\u00e1ria que mostram a experi\u00eancia gastron\u00f4mica francesa. Uma visita seguida de uma demonstra\u00e7\u00e3o culin\u00e1ria feita por um chef. Outras atividades culin\u00e1rias devem ser oferecidas at\u00e9 o ver\u00e3o de 2024: demonstra\u00e7\u00f5es, culin\u00e1ria pr\u00e1tica, degusta\u00e7\u00f5es, aulas de vinho e confeitaria, etc.<\/p>\n\n\n\n<p><a href=\"https:\/\/www.hotel-de-la-marine.paris\/visiter\/visites-et-activites\">https:\/\/www.hotel-de-la-marine.paris\/visiter\/visites-et-activites<\/a><\/p>\n\n\n<div class=\"wp-block-image\">\n<figure class=\"aligncenter size-full\"><img loading=\"lazy\" decoding=\"async\" width=\"373\" height=\"473\" src=\"https:\/\/if-epfcl-paris2024.champlacanienfrance.net\/wp-content\/uploads\/2023\/12\/Image-6.png\" alt=\"\" class=\"wp-image-686\" srcset=\"https:\/\/if-epfcl-paris2024.champlacanienfrance.net\/wp-content\/uploads\/2023\/12\/Image-6.png 373w, https:\/\/if-epfcl-paris2024.champlacanienfrance.net\/wp-content\/uploads\/2023\/12\/Image-6-237x300.png 237w\" sizes=\"auto, (max-width: 373px) 100vw, 373px\" \/><\/figure>\n<\/div>\n\n\n<p><\/p>\n\n\n<div class=\"wp-block-image\">\n<figure class=\"aligncenter size-full\"><img loading=\"lazy\" decoding=\"async\" width=\"562\" height=\"418\" src=\"https:\/\/if-epfcl-paris2024.champlacanienfrance.net\/wp-content\/uploads\/2023\/12\/Image-6b.png\" alt=\"\" class=\"wp-image-691\" srcset=\"https:\/\/if-epfcl-paris2024.champlacanienfrance.net\/wp-content\/uploads\/2023\/12\/Image-6b.png 562w, https:\/\/if-epfcl-paris2024.champlacanienfrance.net\/wp-content\/uploads\/2023\/12\/Image-6b-300x223.png 300w\" sizes=\"auto, (max-width: 562px) 100vw, 562px\" \/><\/figure>\n<\/div>\n\n\n<hr class=\"wp-block-separator has-alpha-channel-opacity\"\/>\n\n\n\n<p><strong>Exposi\u00e7\u00e3o no Palais de Tokyo<br>TOUCHER L\u2019INSENSE<\/strong><\/p>\n\n\n\n<p><a href=\"https:\/\/palaisdetokyo.com\/glossaire\/psychotherapie-institutionnelle\/\">A<\/a> &#8221; <a href=\"https:\/\/palaisdetokyo.com\/glossaire\/psychotherapie-institutionnelle\/\">psicoterapia institucional<\/a> &#8221; \u00e9 uma pr\u00e1tica psiqui\u00e1trica que come\u00e7ou em <sup>meados<\/sup> do s\u00e9culo <sup>XX<\/sup>, baseada na premissa de que, para tratar os pacientes, o hospital deve ser tratado primeiro. Em outras palavras, o transtorno mental nunca deve ser isolado de seu contexto social e institucional. Inspirada por esses experimentos psiqui\u00e1tricos e humanos revolucion\u00e1rios, que se baseiam no coletivo e na cria\u00e7\u00e3o art\u00edstica, esta exposi\u00e7\u00e3o analisa diferentes maneiras de transformar locais de isolamento em locais de prote\u00e7\u00e3o, ref\u00fagios contra a viol\u00eancia da sociedade.<\/p>\n\n\n\n<p>Ela apresenta filmes de Fran\u00e7ois Pain, que documentou a vida na cl\u00ednica La Borde, e as palavras dos principais profissionais da <a href=\"https:\/\/palaisdetokyo.com\/glossaire\/psychotherapie-institutionnelle\/\">psicoterapia institucional<\/a> (Fran\u00e7ois Tosquelles, Jean Oury, F\u00e9lix Guattari), e re\u00fane artistas, bem como cuidadores e educadores, que iniciaram pr\u00e1ticas art\u00edsticas coletivas em v\u00e1rias estruturas ligadas \u00e0 assist\u00eancia \u00e0 sa\u00fade mental. Essas experi\u00eancias, passadas e presentes, na Fran\u00e7a e em outros lugares, mostram como a arte \u00e9 uma ferramenta para a emancipa\u00e7\u00e3o, uma forma ativa e cr\u00edtica de uni\u00e3o e uma express\u00e3o de poesia vital.<\/p>\n\n\n\n<p><a href=\"https:\/\/palaisdetokyo.com\/exposition\/toucher-linsense\">https:\/\/palaisdetokyo.com\/exposition\/toucher-linsense<\/a><\/p>\n\n\n<div class=\"wp-block-image\">\n<figure class=\"aligncenter size-full\"><img loading=\"lazy\" decoding=\"async\" width=\"856\" height=\"570\" src=\"https:\/\/if-epfcl-paris2024.champlacanienfrance.net\/wp-content\/uploads\/2024\/04\/image-3.png\" alt=\"\" class=\"wp-image-1235\" srcset=\"https:\/\/if-epfcl-paris2024.champlacanienfrance.net\/wp-content\/uploads\/2024\/04\/image-3.png 856w, https:\/\/if-epfcl-paris2024.champlacanienfrance.net\/wp-content\/uploads\/2024\/04\/image-3-300x200.png 300w, https:\/\/if-epfcl-paris2024.champlacanienfrance.net\/wp-content\/uploads\/2024\/04\/image-3-768x511.png 768w\" sizes=\"auto, (max-width: 856px) 100vw, 856px\" \/><\/figure>\n<\/div>","protected":false},"excerpt":{"rendered":"<p>Code AirFrance 40262AF &#8211; Journ\u00e9es internationales epfcl2024 (01\/05\/2024-05\/05\/2024) Contato : Fr\u00e9d\u00e9rique Decoin&nbsp;frederiquedecoin@icloud.com Escrit\u00f3rio de Turismo de Paris https:\/\/parisjetaime.com\/ https:\/\/www.timeout.fr\/paris &amp; https:\/\/www.sortiraparis.com\/actualites LACAN, A EXPOSI\u00c7\u00c3OQuando a arte encontra a psican\u00e1liseExposi\u00e7\u00e3o no Centre Pompidou-Metz31 de dezembro de 2023 &#8211; 27 de maio de 2024 (fechada \u00e0s ter\u00e7as-feiras) O pensamento de Lacan permanece inexplorado nos museus at\u00e9 hoje, [&hellip;]<\/p>\n","protected":false},"author":2,"featured_media":0,"parent":0,"menu_order":0,"comment_status":"closed","ping_status":"closed","template":"","meta":{"footnotes":""},"class_list":["post-227","page","type-page","status-publish","hentry"],"_links":{"self":[{"href":"https:\/\/if-epfcl-paris2024.champlacanienfrance.net\/pt-br\/wp-json\/wp\/v2\/pages\/227","targetHints":{"allow":["GET"]}}],"collection":[{"href":"https:\/\/if-epfcl-paris2024.champlacanienfrance.net\/pt-br\/wp-json\/wp\/v2\/pages"}],"about":[{"href":"https:\/\/if-epfcl-paris2024.champlacanienfrance.net\/pt-br\/wp-json\/wp\/v2\/types\/page"}],"author":[{"embeddable":true,"href":"https:\/\/if-epfcl-paris2024.champlacanienfrance.net\/pt-br\/wp-json\/wp\/v2\/users\/2"}],"replies":[{"embeddable":true,"href":"https:\/\/if-epfcl-paris2024.champlacanienfrance.net\/pt-br\/wp-json\/wp\/v2\/comments?post=227"}],"version-history":[{"count":7,"href":"https:\/\/if-epfcl-paris2024.champlacanienfrance.net\/pt-br\/wp-json\/wp\/v2\/pages\/227\/revisions"}],"predecessor-version":[{"id":1240,"href":"https:\/\/if-epfcl-paris2024.champlacanienfrance.net\/pt-br\/wp-json\/wp\/v2\/pages\/227\/revisions\/1240"}],"wp:attachment":[{"href":"https:\/\/if-epfcl-paris2024.champlacanienfrance.net\/pt-br\/wp-json\/wp\/v2\/media?parent=227"}],"curies":[{"name":"wp","href":"https:\/\/api.w.org\/{rel}","templated":true}]}}