{"id":320,"date":"2023-07-04T16:27:07","date_gmt":"2023-07-04T14:27:07","guid":{"rendered":"https:\/\/if-epfcl-paris2024.champlacanienfrance.net\/?page_id=320"},"modified":"2024-04-23T20:03:52","modified_gmt":"2024-04-23T18:03:52","slug":"inscricao","status":"publish","type":"page","link":"https:\/\/if-epfcl-paris2024.champlacanienfrance.net\/pt-br\/inscricao\/","title":{"rendered":"INSCRI\u00c7\u00c3O"},"content":{"rendered":"\n<hr class=\"wp-block-separator has-alpha-channel-opacity\"\/>\n\n\n\n<h2 class=\"wp-block-heading has-text-align-center has-vivid-purple-color has-text-color has-link-color wp-elements-d50a293b7a59b49001da1eb5d91b8956\">Pr\u00e9-inscri\u00e7a\u00f5 on-line<\/h2>\n\n\n\n<p><strong>A pagar no posto \u201cINSCRI\u00c7\u00c3O-PAGAMENTO\u201d dos dias<\/strong><\/p>\n\n\n\n<hr class=\"wp-block-separator has-alpha-channel-opacity\"\/>\n\n\n\n<div class=\"wp-block-columns alignwide is-layout-flex wp-container-core-columns-is-layout-9d6595d7 wp-block-columns-is-layout-flex\">\n<div class=\"wp-block-column is-layout-flow wp-block-column-is-layout-flow\" style=\"flex-basis:45%\">\n<h2 class=\"wp-block-heading\"><strong>TARIFAS<\/strong><\/h2>\n\n\n\n<h3 class=\"wp-block-heading has-text-align-center\"><strong>3 dias\u00a0: Encontro da Escola &#8211; Encontro da IF (2,<\/strong> <strong>3 &amp; 4 de maio)<\/strong><\/h3>\n\n\n\n<p><strong>Cara a cara<\/strong><\/p>\n\n\n\n<ul class=\"wp-block-list\">\n<li>Tarifa normal&nbsp;: 390\u20ac<\/li>\n\n\n\n<li>Estudantes &lt;26 anos (com comprovante)&nbsp;: 150\u20ac<\/li>\n\n\n\n<li>Institui\u00e7\u00f5es (3 dias)&nbsp;: 750\u20ac<\/li>\n<\/ul>\n\n\n\n<h3 class=\"wp-block-heading has-text-align-center\"><strong>2 dias\u00a0: Encontro da IF (3 &amp; 4 de maio)<\/strong><\/h3>\n\n\n\n<p><strong>Cara a cara<\/strong><\/p>\n\n\n\n<ul class=\"wp-block-list\">\n<li>Tarifa normal&nbsp;: 300\u20ac<\/li>\n\n\n\n<li>Estudantes &lt;26 anos (com comprovante)&nbsp;: 100\u20ac<\/li>\n<\/ul>\n\n\n\n<h3 class=\"wp-block-heading has-text-align-center\"><strong>1 dia Encontro da Escola + 1\u00b0 dia da IF (2 &amp; 3 de maio)<\/strong><\/h3>\n\n\n\n<p><strong>Cara a cara<\/strong><\/p>\n\n\n\n<ul class=\"wp-block-list\">\n<li>Tarifa normal&nbsp;: 300\u20ac<\/li>\n\n\n\n<li>Estudantes &lt;26 anos (com comprovante)\u00a0: 100\u20ac<\/li>\n<\/ul>\n<\/div>\n\n\n\n<div class=\"wp-block-column is-layout-flow wp-block-column-is-layout-flow\" style=\"flex-basis:55%\">\n<div class=\"iframe-container\"><iframe loading=\"lazy\" src=\"https:\/\/docs.google.com\/forms\/d\/e\/1FAIpQLSe76_IncRBZSW4mA4g8UV1Gted16fhF_gQDuUdfmf2G2WuAOA\/viewform?embedded=true\" width=\"640\" height=\"1365\" frameborder=\"0\" marginheight=\"0\" marginwidth=\"0\">Chargement\u2026<\/iframe><\/div>\n<\/div>\n<\/div>\n","protected":false},"excerpt":{"rendered":"<p>Pr\u00e9-inscri\u00e7a\u00f5 on-line A pagar no posto \u201cINSCRI\u00c7\u00c3O-PAGAMENTO\u201d dos dias TARIFAS 3 dias\u00a0: Encontro da Escola &#8211; Encontro da IF (2, 3 &amp; 4 de maio) Cara a cara 2 dias\u00a0: Encontro da IF (3 &amp; 4 de maio) Cara a cara 1 dia Encontro da Escola + 1\u00b0 dia da IF (2 &amp; 3 de [&hellip;]<\/p>\n","protected":false},"author":2,"featured_media":0,"parent":0,"menu_order":0,"comment_status":"closed","ping_status":"closed","template":"","meta":{"footnotes":""},"class_list":["post-320","page","type-page","status-publish","hentry"],"_links":{"self":[{"href":"https:\/\/if-epfcl-paris2024.champlacanienfrance.net\/pt-br\/wp-json\/wp\/v2\/pages\/320","targetHints":{"allow":["GET"]}}],"collection":[{"href":"https:\/\/if-epfcl-paris2024.champlacanienfrance.net\/pt-br\/wp-json\/wp\/v2\/pages"}],"about":[{"href":"https:\/\/if-epfcl-paris2024.champlacanienfrance.net\/pt-br\/wp-json\/wp\/v2\/types\/page"}],"author":[{"embeddable":true,"href":"https:\/\/if-epfcl-paris2024.champlacanienfrance.net\/pt-br\/wp-json\/wp\/v2\/users\/2"}],"replies":[{"embeddable":true,"href":"https:\/\/if-epfcl-paris2024.champlacanienfrance.net\/pt-br\/wp-json\/wp\/v2\/comments?post=320"}],"version-history":[{"count":17,"href":"https:\/\/if-epfcl-paris2024.champlacanienfrance.net\/pt-br\/wp-json\/wp\/v2\/pages\/320\/revisions"}],"predecessor-version":[{"id":1262,"href":"https:\/\/if-epfcl-paris2024.champlacanienfrance.net\/pt-br\/wp-json\/wp\/v2\/pages\/320\/revisions\/1262"}],"wp:attachment":[{"href":"https:\/\/if-epfcl-paris2024.champlacanienfrance.net\/pt-br\/wp-json\/wp\/v2\/media?parent=320"}],"curies":[{"name":"wp","href":"https:\/\/api.w.org\/{rel}","templated":true}]}}